{"id":2324,"date":"2024-07-18T22:15:47","date_gmt":"2024-07-18T22:15:47","guid":{"rendered":"http:\/\/farmavet.com.ec\/?post_type=product&#038;p=2324"},"modified":"2025-10-16T13:13:08","modified_gmt":"2025-10-16T18:13:08","slug":"aquachok-amino-1lt-5lt","status":"publish","type":"product","link":"https:\/\/farmavet.com.ec\/?product=aquachok-amino-1lt-5lt","title":{"rendered":"AQUACHOK AMINO  (1LT-5LT)"},"content":{"rendered":"<p>Aporte de vitaminas y amino\u00e1cidos de alto valor, para reforzar el estado de salud y el rendimiento de toda especie animal. Especialmente indicado como apoyo en tratamientos farmacol\u00f3gicos, para la recuperaci\u00f3n de las convalecencias, o en periodos cr\u00edticos como la gestaci\u00f3n o lactancia.<\/p>\n<p><strong>Composici\u00f3n por l:<\/strong><br \/>\nVitaminas, provitaminas y sustancias qu\u00edmicamente definidas de efecto an\u00e1logo: Vitamina A (E 672), vitamina D3 (E 671), vitamina E (acetato dl-a-tocoferol), vitamina B1 (tiamina mononitrato), vitamina B2 (fosfato s\u00f3dico), vitamina B6 (piridoxina CIH), vitamina B12, vitamina C (E-300), vitamina K3 (MBS), nicotinamida, \u00e1cido f\u00f3lico, D-pantenol.<\/p>\n<p>Amino\u00e1cidos sus sales y an\u00e1logos: \u00e1cido asp\u00e1rtico, treonina, serina, \u00e1cido glut\u00e1mico, prolina, glicina, alanina, cistina, valina, metionina, isoleucina, leucina, fenilalanina, tirosina, lisina, histidina, arginina.<br \/>\nSoporte acuoso c.s.p. 1 l.<\/p>\n<p><strong>Indicaciones y especies de destino<\/strong><br \/>\nDeficiencias en vitaminas y amino\u00e1cidos. En los periodos cr\u00edticos de la vida de los animales: \u00c9pocas de reproducci\u00f3n, gestaci\u00f3n y lactaci\u00f3n. Prohibida la administraci\u00f3n simult\u00e1nea de vitamina D2.<\/p>\n<p><strong>V\u00eda de administraci\u00f3n<\/strong><br \/>\nOral, en agua de bebida o leche.<\/p>\n<p><strong>Posolog\u00eda<\/strong><br \/>\nAves: 0,5-1 ml\/litro de agua.<br \/>\nCerdos adultos: 0,3-0,5 ml\/litro de agua de bebida.<br \/>\nLechones: 0,5 ml\/litro de agua de bebida.<br \/>\n\u00c9quidos adultos: 0,3 ml\/litro de agua de bebida.<br \/>\nPotros: 0,25 ml\/litro de agua de bebida.<br \/>\nConejos: 1 ml\/litro de agua de bebida.<br \/>\nB\u00f3vidos: 0,2 ml\/litro de agua de bebida.<\/p>\n<p><strong>Tiempo de espera<\/strong><br \/>\nNo precisa.<\/p>\n<p><strong>Modo de conservaci\u00f3n<\/strong><br \/>\nConservar protegido de la luz y a temperatura inferior a 25 \u00b0C.<\/p>\n<p><strong>Presentaci\u00f3n<\/strong><br \/>\nEnvases de 1 y 5 litros.<\/p>\n","protected":false},"excerpt":{"rendered":"<p>Aporte de vitaminas y amino\u00e1cidos de alto valor, para reforzar el estado de salud y el rendimiento de toda especie animal. Especialmente indicado como apoyo en tratamientos farmacol\u00f3gicos, para la recuperaci\u00f3n de las convalecencias, o en periodos cr\u00edticos como la gestaci\u00f3n o lactancia.<\/p>\n","protected":false},"featured_media":2325,"comment_status":"open","ping_status":"closed","template":"","meta":{"site-sidebar-layout":"default","site-content-layout":"","ast-site-content-layout":"default","site-content-style":"default","site-sidebar-style":"default","ast-global-header-display":"","ast-banner-title-visibility":"","ast-main-header-display":"","ast-hfb-above-header-display":"","ast-hfb-below-header-display":"","ast-hfb-mobile-header-display":"","site-post-title":"","ast-breadcrumbs-content":"","ast-featured-img":"","footer-sml-layout":"","ast-disable-related-posts":"","theme-transparent-header-meta":"default","adv-header-id-meta":"","stick-header-meta":"","header-above-stick-meta":"","header-main-stick-meta":"","header-below-stick-meta":"","astra-migrate-meta-layouts":"set","ast-page-background-enabled":"default","ast-page-background-meta":{"desktop":{"background-color":"var(--ast-global-color-4)","background-image":"","background-repeat":"repeat","background-position":"center center","background-size":"auto","background-attachment":"scroll","background-type":"","background-media":"","overlay-type":"","overlay-color":"","overlay-opacity":"","overlay-gradient":""},"tablet":{"background-color":"","background-image":"","background-repeat":"repeat","background-position":"center center","background-size":"auto","background-attachment":"scroll","background-type":"","background-media":"","overlay-type":"","overlay-color":"","overlay-opacity":"","overlay-gradient":""},"mobile":{"background-color":"","background-image":"","background-repeat":"repeat","background-position":"center center","background-size":"auto","background-attachment":"scroll","background-type":"","background-media":"","overlay-type":"","overlay-color":"","overlay-opacity":"","overlay-gradient":""}},"ast-content-background-meta":{"desktop":{"background-color":"var(--ast-global-color-5)","background-image":"","background-repeat":"repeat","background-position":"center center","background-size":"auto","background-attachment":"scroll","background-type":"","background-media":"","overlay-type":"","overlay-color":"","overlay-opacity":"","overlay-gradient":""},"tablet":{"background-color":"var(--ast-global-color-5)","background-image":"","background-repeat":"repeat","background-position":"center center","background-size":"auto","background-attachment":"scroll","background-type":"","background-media":"","overlay-type":"","overlay-color":"","overlay-opacity":"","overlay-gradient":""},"mobile":{"background-color":"var(--ast-global-color-5)","background-image":"","background-repeat":"repeat","background-position":"center center","background-size":"auto","background-attachment":"scroll","background-type":"","background-media":"","overlay-type":"","overlay-color":"","overlay-opacity":"","overlay-gradient":""}},"_themeisle_gutenberg_block_has_review":false},"product_brand":[],"product_cat":[37,50],"product_tag":[],"class_list":{"0":"post-2324","1":"product","2":"type-product","3":"status-publish","4":"has-post-thumbnail","6":"product_cat-avicola","7":"product_cat-vitaminas-avicola","8":"desktop-align-left","9":"tablet-align-left","10":"mobile-align-left","12":"first","13":"instock","14":"shipping-taxable","15":"product-type-simple"},"_links":{"self":[{"href":"https:\/\/farmavet.com.ec\/index.php?rest_route=\/wp\/v2\/product\/2324","targetHints":{"allow":["GET"]}}],"collection":[{"href":"https:\/\/farmavet.com.ec\/index.php?rest_route=\/wp\/v2\/product"}],"about":[{"href":"https:\/\/farmavet.com.ec\/index.php?rest_route=\/wp\/v2\/types\/product"}],"replies":[{"embeddable":true,"href":"https:\/\/farmavet.com.ec\/index.php?rest_route=%2Fwp%2Fv2%2Fcomments&post=2324"}],"wp:featuredmedia":[{"embeddable":true,"href":"https:\/\/farmavet.com.ec\/index.php?rest_route=\/wp\/v2\/media\/2325"}],"wp:attachment":[{"href":"https:\/\/farmavet.com.ec\/index.php?rest_route=%2Fwp%2Fv2%2Fmedia&parent=2324"}],"wp:term":[{"taxonomy":"product_brand","embeddable":true,"href":"https:\/\/farmavet.com.ec\/index.php?rest_route=%2Fwp%2Fv2%2Fproduct_brand&post=2324"},{"taxonomy":"product_cat","embeddable":true,"href":"https:\/\/farmavet.com.ec\/index.php?rest_route=%2Fwp%2Fv2%2Fproduct_cat&post=2324"},{"taxonomy":"product_tag","embeddable":true,"href":"https:\/\/farmavet.com.ec\/index.php?rest_route=%2Fwp%2Fv2%2Fproduct_tag&post=2324"}],"curies":[{"name":"wp","href":"https:\/\/api.w.org\/{rel}","templated":true}]}}