{"id":2392,"date":"2024-07-19T13:11:08","date_gmt":"2024-07-19T13:11:08","guid":{"rendered":"http:\/\/farmavet.com.ec\/?post_type=product&#038;p=2392"},"modified":"2024-07-23T09:09:00","modified_gmt":"2024-07-23T09:09:00","slug":"kolin-plus-x-25-kg","status":"publish","type":"product","link":"https:\/\/farmavet.com.ec\/?product=kolin-plus-x-25-kg","title":{"rendered":"KOLIN PLUS X 25 KG"},"content":{"rendered":"<p>Kolin plus powder es una combinaci\u00f3n \u00fanica de varias plantas que est\u00e1 en sinergia y reemplaza la bioactividad del cloruro de colina. La colina, tambi\u00e9n conocida como vitamina B4, ha sido redescubierta como un \u00abaditivo alimentario\u00bb indispensable en las aves de corral. La colina es bien conocida por su papel en la prevenci\u00f3n de afecciones como la perosis y el agrandamiento del h\u00edgado en los pollitos. Kolin Plus puede reemplazar la bioactividad de la colina sint\u00e9tica a trav\u00e9s de su actividad fitoconstituyente. Kolin plus ayuda a reservar la acetilcolina (Ach) para la neurotransmisi\u00f3n y acelerar la gluconeog\u00e9nesis.<\/p>\n<p><strong>BENEFICIOS<\/strong> \u2022 F\u00e1cil de manejar y f\u00e1cil de almacenar<\/p>\n<p>No contiene TMA (trimetilamina) &#8211; no libera TMA en el sistema digestivo<\/p>\n<p>Compatibilidad con premezclas: no causa p\u00e9rdida oxidativa de vitaminas en el alimento.<\/p>\n<p>Ayuda en la reducci\u00f3n de grasa dorsal en cerdos<\/p>\n<p>Da un mejor efecto de veteado en los m\u00fasculos<\/p>\n<p><strong>MODO DE ACCI\u00d3N <\/strong><\/p>\n<p>1. Movilizaci\u00f3n de grasa: Kolin plus reduce el nivel de grasa abdominal y hep\u00e1tica. Tambi\u00e9n reduce la fuga de transaminasas en la sangre al mantener la salud hep\u00e1tica.<\/p>\n<p>2. S\u00edntesis de fosfatidilcolina y esfingomielina-por colina intr\u00ednseca<\/p>\n<p>3. S\u00edntesis de acetilcolina<\/p>\n<p>4. Grupo metilo donante &#8211; por colina intr\u00ednseca<\/p>\n<p>5. Actividad de inhibici\u00f3n de la COMT (catecol-o-metil transferasa)<\/p>\n","protected":false},"excerpt":{"rendered":"<p>Kolin plus powder es una combinaci\u00f3n \u00fanica de varias plantas que est\u00e1 en sinergia y reemplaza la bioactividad del cloruro de colina. La colina, tambi\u00e9n conocida como vitamina B4, ha sido redescubierta como un \u00abaditivo alimentario\u00bb indispensable en las aves de corral. La colina es bien conocida por su papel en la prevenci\u00f3n de afecciones como la perosis y el agrandamiento del h\u00edgado en los pollitos. Kolin Plus puede reemplazar la bioactividad de la colina sint\u00e9tica a trav\u00e9s de su actividad fitoconstituyente. Kolin plus ayuda a reservar la acetilcolina (Ach) para la neurotransmisi\u00f3n y acelerar la gluconeog\u00e9nesis.<\/p>\n","protected":false},"featured_media":2393,"comment_status":"open","ping_status":"closed","template":"","meta":{"site-sidebar-layout":"default","site-content-layout":"","ast-site-content-layout":"default","site-content-style":"default","site-sidebar-style":"default","ast-global-header-display":"","ast-banner-title-visibility":"","ast-main-header-display":"","ast-hfb-above-header-display":"","ast-hfb-below-header-display":"","ast-hfb-mobile-header-display":"","site-post-title":"","ast-breadcrumbs-content":"","ast-featured-img":"","footer-sml-layout":"","ast-disable-related-posts":"","theme-transparent-header-meta":"default","adv-header-id-meta":"","stick-header-meta":"","header-above-stick-meta":"","header-main-stick-meta":"","header-below-stick-meta":"","astra-migrate-meta-layouts":"set","ast-page-background-enabled":"default","ast-page-background-meta":{"desktop":{"background-color":"var(--ast-global-color-4)","background-image":"","background-repeat":"repeat","background-position":"center center","background-size":"auto","background-attachment":"scroll","background-type":"","background-media":"","overlay-type":"","overlay-color":"","overlay-opacity":"","overlay-gradient":""},"tablet":{"background-color":"","background-image":"","background-repeat":"repeat","background-position":"center center","background-size":"auto","background-attachment":"scroll","background-type":"","background-media":"","overlay-type":"","overlay-color":"","overlay-opacity":"","overlay-gradient":""},"mobile":{"background-color":"","background-image":"","background-repeat":"repeat","background-position":"center center","background-size":"auto","background-attachment":"scroll","background-type":"","background-media":"","overlay-type":"","overlay-color":"","overlay-opacity":"","overlay-gradient":""}},"ast-content-background-meta":{"desktop":{"background-color":"var(--ast-global-color-5)","background-image":"","background-repeat":"repeat","background-position":"center center","background-size":"auto","background-attachment":"scroll","background-type":"","background-media":"","overlay-type":"","overlay-color":"","overlay-opacity":"","overlay-gradient":""},"tablet":{"background-color":"var(--ast-global-color-5)","background-image":"","background-repeat":"repeat","background-position":"center center","background-size":"auto","background-attachment":"scroll","background-type":"","background-media":"","overlay-type":"","overlay-color":"","overlay-opacity":"","overlay-gradient":""},"mobile":{"background-color":"var(--ast-global-color-5)","background-image":"","background-repeat":"repeat","background-position":"center center","background-size":"auto","background-attachment":"scroll","background-type":"","background-media":"","overlay-type":"","overlay-color":"","overlay-opacity":"","overlay-gradient":""}},"_themeisle_gutenberg_block_has_review":false},"product_brand":[],"product_cat":[55,37],"product_tag":[],"class_list":{"0":"post-2392","1":"product","2":"type-product","3":"status-publish","4":"has-post-thumbnail","6":"product_cat-antimicoticos","7":"product_cat-avicola","8":"desktop-align-left","9":"tablet-align-left","10":"mobile-align-left","12":"first","13":"instock","14":"shipping-taxable","15":"product-type-simple"},"_links":{"self":[{"href":"https:\/\/farmavet.com.ec\/index.php?rest_route=\/wp\/v2\/product\/2392","targetHints":{"allow":["GET"]}}],"collection":[{"href":"https:\/\/farmavet.com.ec\/index.php?rest_route=\/wp\/v2\/product"}],"about":[{"href":"https:\/\/farmavet.com.ec\/index.php?rest_route=\/wp\/v2\/types\/product"}],"replies":[{"embeddable":true,"href":"https:\/\/farmavet.com.ec\/index.php?rest_route=%2Fwp%2Fv2%2Fcomments&post=2392"}],"wp:featuredmedia":[{"embeddable":true,"href":"https:\/\/farmavet.com.ec\/index.php?rest_route=\/wp\/v2\/media\/2393"}],"wp:attachment":[{"href":"https:\/\/farmavet.com.ec\/index.php?rest_route=%2Fwp%2Fv2%2Fmedia&parent=2392"}],"wp:term":[{"taxonomy":"product_brand","embeddable":true,"href":"https:\/\/farmavet.com.ec\/index.php?rest_route=%2Fwp%2Fv2%2Fproduct_brand&post=2392"},{"taxonomy":"product_cat","embeddable":true,"href":"https:\/\/farmavet.com.ec\/index.php?rest_route=%2Fwp%2Fv2%2Fproduct_cat&post=2392"},{"taxonomy":"product_tag","embeddable":true,"href":"https:\/\/farmavet.com.ec\/index.php?rest_route=%2Fwp%2Fv2%2Fproduct_tag&post=2392"}],"curies":[{"name":"wp","href":"https:\/\/api.w.org\/{rel}","templated":true}]}}