{"id":2394,"date":"2024-07-19T13:13:13","date_gmt":"2024-07-19T13:13:13","guid":{"rendered":"http:\/\/farmavet.com.ec\/?post_type=product&#038;p=2394"},"modified":"2024-07-23T09:09:27","modified_gmt":"2024-07-23T09:09:27","slug":"lysoforte-extend-dry-x-20-kg","status":"publish","type":"product","link":"https:\/\/farmavet.com.ec\/?product=lysoforte-extend-dry-x-20-kg","title":{"rendered":"LYSOFORTE EXTEND DRY X 20 KG"},"content":{"rendered":"<p>Mejora la emulsificaci\u00f3n, hidr\u00f3lisis y absorci\u00f3n de grasas optimizando la performance de la dieta.<br \/>\n25kg<\/p>\n<h2>Modo de Acci\u00f3n<\/h2>\n<p>Es un producto compuesto por lisofosfol\u00edpidos, monoglic\u00e9ridos y una peque\u00f1a porci\u00f3n de emulsionante sint\u00e9tico, que actuar\u00e1 y mejorar\u00e1 los pasos de\u00a0<b>emulsificaci\u00f3n<\/b>,\u00a0<b>hidr\u00f3lisis<\/b>\u00a0y\u00a0<b>absorci\u00f3n<\/b>.<\/p>\n<p>En el proceso de digesti\u00f3n de grasas y aceites, las part\u00edculas grandes de grasa se descomponen en peque\u00f1as gotas de grasa (A). Las gotitas de grasa se solubilizan en el medio en el proceso conocido como\u00a0<b>emulsificaci\u00f3n\u00a0<\/b>(B). Durante la<b>\u00a0hidr\u00f3lisis<\/b>, la grasa se descompone en \u00e1cidos grasos a trav\u00e9s de la acci\u00f3n de las lipasas (C), la formaci\u00f3n de micelas (D) y la\u00a0<b>absorci\u00f3n<\/b>\u00a0(E).<\/p>\n","protected":false},"excerpt":{"rendered":"<p>Mejora la emulsificaci\u00f3n, hidr\u00f3lisis y absorci\u00f3n de grasas optimizando la performance de la dieta.<br \/>\n25kg<\/p>\n","protected":false},"featured_media":2395,"comment_status":"open","ping_status":"closed","template":"","meta":{"site-sidebar-layout":"default","site-content-layout":"","ast-site-content-layout":"default","site-content-style":"default","site-sidebar-style":"default","ast-global-header-display":"","ast-banner-title-visibility":"","ast-main-header-display":"","ast-hfb-above-header-display":"","ast-hfb-below-header-display":"","ast-hfb-mobile-header-display":"","site-post-title":"","ast-breadcrumbs-content":"","ast-featured-img":"","footer-sml-layout":"","ast-disable-related-posts":"","theme-transparent-header-meta":"default","adv-header-id-meta":"","stick-header-meta":"","header-above-stick-meta":"","header-main-stick-meta":"","header-below-stick-meta":"","astra-migrate-meta-layouts":"set","ast-page-background-enabled":"default","ast-page-background-meta":{"desktop":{"background-color":"var(--ast-global-color-4)","background-image":"","background-repeat":"repeat","background-position":"center center","background-size":"auto","background-attachment":"scroll","background-type":"","background-media":"","overlay-type":"","overlay-color":"","overlay-opacity":"","overlay-gradient":""},"tablet":{"background-color":"","background-image":"","background-repeat":"repeat","background-position":"center center","background-size":"auto","background-attachment":"scroll","background-type":"","background-media":"","overlay-type":"","overlay-color":"","overlay-opacity":"","overlay-gradient":""},"mobile":{"background-color":"","background-image":"","background-repeat":"repeat","background-position":"center center","background-size":"auto","background-attachment":"scroll","background-type":"","background-media":"","overlay-type":"","overlay-color":"","overlay-opacity":"","overlay-gradient":""}},"ast-content-background-meta":{"desktop":{"background-color":"var(--ast-global-color-5)","background-image":"","background-repeat":"repeat","background-position":"center center","background-size":"auto","background-attachment":"scroll","background-type":"","background-media":"","overlay-type":"","overlay-color":"","overlay-opacity":"","overlay-gradient":""},"tablet":{"background-color":"var(--ast-global-color-5)","background-image":"","background-repeat":"repeat","background-position":"center center","background-size":"auto","background-attachment":"scroll","background-type":"","background-media":"","overlay-type":"","overlay-color":"","overlay-opacity":"","overlay-gradient":""},"mobile":{"background-color":"var(--ast-global-color-5)","background-image":"","background-repeat":"repeat","background-position":"center center","background-size":"auto","background-attachment":"scroll","background-type":"","background-media":"","overlay-type":"","overlay-color":"","overlay-opacity":"","overlay-gradient":""}},"_themeisle_gutenberg_block_has_review":false},"product_brand":[],"product_cat":[55,37],"product_tag":[],"class_list":{"0":"post-2394","1":"product","2":"type-product","3":"status-publish","4":"has-post-thumbnail","6":"product_cat-antimicoticos","7":"product_cat-avicola","8":"desktop-align-left","9":"tablet-align-left","10":"mobile-align-left","12":"first","13":"instock","14":"shipping-taxable","15":"product-type-simple"},"_links":{"self":[{"href":"https:\/\/farmavet.com.ec\/index.php?rest_route=\/wp\/v2\/product\/2394","targetHints":{"allow":["GET"]}}],"collection":[{"href":"https:\/\/farmavet.com.ec\/index.php?rest_route=\/wp\/v2\/product"}],"about":[{"href":"https:\/\/farmavet.com.ec\/index.php?rest_route=\/wp\/v2\/types\/product"}],"replies":[{"embeddable":true,"href":"https:\/\/farmavet.com.ec\/index.php?rest_route=%2Fwp%2Fv2%2Fcomments&post=2394"}],"wp:featuredmedia":[{"embeddable":true,"href":"https:\/\/farmavet.com.ec\/index.php?rest_route=\/wp\/v2\/media\/2395"}],"wp:attachment":[{"href":"https:\/\/farmavet.com.ec\/index.php?rest_route=%2Fwp%2Fv2%2Fmedia&parent=2394"}],"wp:term":[{"taxonomy":"product_brand","embeddable":true,"href":"https:\/\/farmavet.com.ec\/index.php?rest_route=%2Fwp%2Fv2%2Fproduct_brand&post=2394"},{"taxonomy":"product_cat","embeddable":true,"href":"https:\/\/farmavet.com.ec\/index.php?rest_route=%2Fwp%2Fv2%2Fproduct_cat&post=2394"},{"taxonomy":"product_tag","embeddable":true,"href":"https:\/\/farmavet.com.ec\/index.php?rest_route=%2Fwp%2Fv2%2Fproduct_tag&post=2394"}],"curies":[{"name":"wp","href":"https:\/\/api.w.org\/{rel}","templated":true}]}}