{"id":2398,"date":"2024-07-19T13:19:40","date_gmt":"2024-07-19T13:19:40","guid":{"rendered":"http:\/\/farmavet.com.ec\/?post_type=product&#038;p=2398"},"modified":"2024-07-23T09:10:33","modified_gmt":"2024-07-23T09:10:33","slug":"myco-curb-gt-liquido-x-1000-kg","status":"publish","type":"product","link":"https:\/\/farmavet.com.ec\/?product=myco-curb-gt-liquido-x-1000-kg","title":{"rendered":"MYCO CURB GT LIQUIDO X 1000 KG"},"content":{"rendered":"<p>Es un aditivo conservante, resultado de una mezcla de \u00e1cidos org\u00e1nicos, que posee acci\u00f3n inhibidora sobre hongos, para uso en\u00a0<a href=\"https:\/\/www.kemin.com\/sa\/es\/markets\/animal\/grain\" data-cta=\"granos\" data-at=\"granos\" data-nav=\"Body\" data-cta-type=\"link\">granos<\/a>, alimentos para animales y sus ingredientes. Puede ser usado en ingredientes con menos miscibilidad y tiene como objetivo aumentar la vida \u00fatil de las raciones y proteger la producci\u00f3n de los animales, controlando los microorganismos que perjudican el rendimiento.<\/p>\n<p>Myco CURB<sup>\u00ae<\/sup>\u00a0contiene \u00e1cido propi\u00f3nico mezclado a otros \u00e1cidos org\u00e1nicos y tiene acci\u00f3n tensioactiva, siendo una herramienta poderosa en la\u00a0manutenci\u00f3n de la calidad en las operaciones.<\/p>\n<p>La funci\u00f3n de un tensioactivo es reducir la tensi\u00f3n superficial de un l\u00edquido, y esto afecta directamente el \u00e1ngulo de contacto. Un mayor \u00e1ngulo de contacto permite que el l\u00edquido se distribuya m\u00e1s f\u00e1cilmente sobre la superficie que puede penetrar.<\/p>\n<p>Siendo aplicado por un sistema desarrollado por Kemin, Smart Box, Myco CURB<sup>\u00ae\u00a0<\/sup>recubre las materias primas y el alimento para brindar una protecci\u00f3n confiable contra una variedad de especies de mohos.<\/p>\n<p>&nbsp;<\/p>\n","protected":false},"excerpt":{"rendered":"<p>Es un aditivo conservante, resultado de una mezcla de \u00e1cidos org\u00e1nicos, que posee acci\u00f3n inhibidora sobre hongos, para uso en\u00a0<a href=\"https:\/\/www.kemin.com\/sa\/es\/markets\/animal\/grain\" data-cta=\"granos\" data-at=\"granos\" data-nav=\"Body\" data-cta-type=\"link\">granos<\/a>, alimentos para animales y sus ingredientes. Puede ser usado en ingredientes con menos miscibilidad y tiene como objetivo aumentar la vida \u00fatil de las raciones y proteger la producci\u00f3n de los animales, controlando los microorganismos que perjudican el rendimiento.<\/p>\n<p>&nbsp;<\/p>\n","protected":false},"featured_media":2399,"comment_status":"open","ping_status":"closed","template":"","meta":{"site-sidebar-layout":"default","site-content-layout":"","ast-site-content-layout":"default","site-content-style":"default","site-sidebar-style":"default","ast-global-header-display":"","ast-banner-title-visibility":"","ast-main-header-display":"","ast-hfb-above-header-display":"","ast-hfb-below-header-display":"","ast-hfb-mobile-header-display":"","site-post-title":"","ast-breadcrumbs-content":"","ast-featured-img":"","footer-sml-layout":"","ast-disable-related-posts":"","theme-transparent-header-meta":"default","adv-header-id-meta":"","stick-header-meta":"","header-above-stick-meta":"","header-main-stick-meta":"","header-below-stick-meta":"","astra-migrate-meta-layouts":"set","ast-page-background-enabled":"default","ast-page-background-meta":{"desktop":{"background-color":"var(--ast-global-color-4)","background-image":"","background-repeat":"repeat","background-position":"center center","background-size":"auto","background-attachment":"scroll","background-type":"","background-media":"","overlay-type":"","overlay-color":"","overlay-opacity":"","overlay-gradient":""},"tablet":{"background-color":"","background-image":"","background-repeat":"repeat","background-position":"center center","background-size":"auto","background-attachment":"scroll","background-type":"","background-media":"","overlay-type":"","overlay-color":"","overlay-opacity":"","overlay-gradient":""},"mobile":{"background-color":"","background-image":"","background-repeat":"repeat","background-position":"center center","background-size":"auto","background-attachment":"scroll","background-type":"","background-media":"","overlay-type":"","overlay-color":"","overlay-opacity":"","overlay-gradient":""}},"ast-content-background-meta":{"desktop":{"background-color":"var(--ast-global-color-5)","background-image":"","background-repeat":"repeat","background-position":"center center","background-size":"auto","background-attachment":"scroll","background-type":"","background-media":"","overlay-type":"","overlay-color":"","overlay-opacity":"","overlay-gradient":""},"tablet":{"background-color":"var(--ast-global-color-5)","background-image":"","background-repeat":"repeat","background-position":"center center","background-size":"auto","background-attachment":"scroll","background-type":"","background-media":"","overlay-type":"","overlay-color":"","overlay-opacity":"","overlay-gradient":""},"mobile":{"background-color":"var(--ast-global-color-5)","background-image":"","background-repeat":"repeat","background-position":"center center","background-size":"auto","background-attachment":"scroll","background-type":"","background-media":"","overlay-type":"","overlay-color":"","overlay-opacity":"","overlay-gradient":""}},"_themeisle_gutenberg_block_has_review":false},"product_brand":[],"product_cat":[55,37],"product_tag":[],"class_list":{"0":"post-2398","1":"product","2":"type-product","3":"status-publish","4":"has-post-thumbnail","6":"product_cat-antimicoticos","7":"product_cat-avicola","8":"desktop-align-left","9":"tablet-align-left","10":"mobile-align-left","12":"first","13":"instock","14":"shipping-taxable","15":"product-type-simple"},"_links":{"self":[{"href":"https:\/\/farmavet.com.ec\/index.php?rest_route=\/wp\/v2\/product\/2398","targetHints":{"allow":["GET"]}}],"collection":[{"href":"https:\/\/farmavet.com.ec\/index.php?rest_route=\/wp\/v2\/product"}],"about":[{"href":"https:\/\/farmavet.com.ec\/index.php?rest_route=\/wp\/v2\/types\/product"}],"replies":[{"embeddable":true,"href":"https:\/\/farmavet.com.ec\/index.php?rest_route=%2Fwp%2Fv2%2Fcomments&post=2398"}],"wp:featuredmedia":[{"embeddable":true,"href":"https:\/\/farmavet.com.ec\/index.php?rest_route=\/wp\/v2\/media\/2399"}],"wp:attachment":[{"href":"https:\/\/farmavet.com.ec\/index.php?rest_route=%2Fwp%2Fv2%2Fmedia&parent=2398"}],"wp:term":[{"taxonomy":"product_brand","embeddable":true,"href":"https:\/\/farmavet.com.ec\/index.php?rest_route=%2Fwp%2Fv2%2Fproduct_brand&post=2398"},{"taxonomy":"product_cat","embeddable":true,"href":"https:\/\/farmavet.com.ec\/index.php?rest_route=%2Fwp%2Fv2%2Fproduct_cat&post=2398"},{"taxonomy":"product_tag","embeddable":true,"href":"https:\/\/farmavet.com.ec\/index.php?rest_route=%2Fwp%2Fv2%2Fproduct_tag&post=2398"}],"curies":[{"name":"wp","href":"https:\/\/api.w.org\/{rel}","templated":true}]}}