{"id":2438,"date":"2024-07-19T14:27:01","date_gmt":"2024-07-19T14:27:01","guid":{"rendered":"http:\/\/farmavet.com.ec\/?post_type=product&#038;p=2438"},"modified":"2024-08-19T19:22:25","modified_gmt":"2024-08-19T19:22:25","slug":"kemtrace-cromo-04-dry-1kg-20-kg","status":"publish","type":"product","link":"https:\/\/farmavet.com.ec\/?product=kemtrace-cromo-04-dry-1kg-20-kg","title":{"rendered":"KEMTRACE CROMO 0,4% DRY  (1kg-20 KG)"},"content":{"rendered":"<p>KemTRACE\u00ae Cromo 0,4% Dry se utiliza como suplemento mineral para la alimentaci\u00f3n animal. Fuente de cromo para suplementar piensos. El producto se debe a\u00f1adir durante el proceso de mezclado al alimento, teniendo en conta la correcta homogenizaci\u00f3n antes de finalizar el proceso. Producto destinado a todas las especies animales excepto gatos.<\/p>\n<p><strong>INGREDIENTES<\/strong> Carbonato de C\u00e1lcio, \u00c1cido Propi\u00f3nico, Propionato de Cromo, Propilenglicol.<\/p>\n<p><strong>DOSIFICACI\u00d3N<\/strong> Para utilizar el producto correctamente consultar a un profesional especializado en nutrici\u00f3n animal. En el caso de bovinos productores de leche y porcinos no se debe agregar KemTRACE Cromo 0,4% polvo directamente al alimento balanceado, previamente se debe preparar la siguiente formulaci\u00f3n: &#8211; 10% de KemTRACE Cromo 0,4% polvo &#8211; 90% de Veh\u00edculo inerte El premezclado resultante contendr\u00e1 0,04% de cromo y rendir\u00e1 200 ppb de cromo cuando se agrega y mezcla completamente en la proporci\u00f3n de 454 g\/ton de alimento balanceado para porcinos. En bovinos se le deber\u00e1 suministrar a raz\u00f3n de 10 mg de cromo por cabeza por d\u00eda para no exceder los 2 ppm del cromo en la dieta.<\/p>\n<p><strong>ALMACENAMIENTO Y ESTABILIDAD<\/strong> Mantener el producto protegido de la luz solar directa y distante de fuentes de calor. Mant\u00e9ngalo cerrado cuando no est\u00e9 en uso. Este producto permanece estable por 2 a\u00f1os a partir de la fecha de elaboraci\u00f3n.<\/p>\n<p><strong>EMBALAJE<\/strong> Embalajes de 20 kg e 25 kg.<\/p>\n","protected":false},"excerpt":{"rendered":"<p>KemTRACE\u00ae Cromo 0,4% Dry se utiliza como suplemento mineral para la alimentaci\u00f3n animal. Fuente de cromo para suplementar piensos. El producto se debe a\u00f1adir durante el proceso de mezclado al alimento, teniendo en conta la correcta homogenizaci\u00f3n antes de finalizar el proceso. Producto destinado a todas las especies animales excepto gatos.<\/p>\n","protected":false},"featured_media":2437,"comment_status":"open","ping_status":"closed","template":"","meta":{"site-sidebar-layout":"default","site-content-layout":"","ast-site-content-layout":"default","site-content-style":"default","site-sidebar-style":"default","ast-global-header-display":"","ast-banner-title-visibility":"","ast-main-header-display":"","ast-hfb-above-header-display":"","ast-hfb-below-header-display":"","ast-hfb-mobile-header-display":"","site-post-title":"","ast-breadcrumbs-content":"","ast-featured-img":"","footer-sml-layout":"","ast-disable-related-posts":"","theme-transparent-header-meta":"default","adv-header-id-meta":"","stick-header-meta":"","header-above-stick-meta":"","header-main-stick-meta":"","header-below-stick-meta":"","astra-migrate-meta-layouts":"set","ast-page-background-enabled":"default","ast-page-background-meta":{"desktop":{"background-color":"var(--ast-global-color-4)","background-image":"","background-repeat":"repeat","background-position":"center center","background-size":"auto","background-attachment":"scroll","background-type":"","background-media":"","overlay-type":"","overlay-color":"","overlay-opacity":"","overlay-gradient":""},"tablet":{"background-color":"","background-image":"","background-repeat":"repeat","background-position":"center center","background-size":"auto","background-attachment":"scroll","background-type":"","background-media":"","overlay-type":"","overlay-color":"","overlay-opacity":"","overlay-gradient":""},"mobile":{"background-color":"","background-image":"","background-repeat":"repeat","background-position":"center center","background-size":"auto","background-attachment":"scroll","background-type":"","background-media":"","overlay-type":"","overlay-color":"","overlay-opacity":"","overlay-gradient":""}},"ast-content-background-meta":{"desktop":{"background-color":"var(--ast-global-color-5)","background-image":"","background-repeat":"repeat","background-position":"center center","background-size":"auto","background-attachment":"scroll","background-type":"","background-media":"","overlay-type":"","overlay-color":"","overlay-opacity":"","overlay-gradient":""},"tablet":{"background-color":"var(--ast-global-color-5)","background-image":"","background-repeat":"repeat","background-position":"center center","background-size":"auto","background-attachment":"scroll","background-type":"","background-media":"","overlay-type":"","overlay-color":"","overlay-opacity":"","overlay-gradient":""},"mobile":{"background-color":"var(--ast-global-color-5)","background-image":"","background-repeat":"repeat","background-position":"center center","background-size":"auto","background-attachment":"scroll","background-type":"","background-media":"","overlay-type":"","overlay-color":"","overlay-opacity":"","overlay-gradient":""}},"_themeisle_gutenberg_block_has_review":false},"product_brand":[],"product_cat":[55,37],"product_tag":[],"class_list":{"0":"post-2438","1":"product","2":"type-product","3":"status-publish","4":"has-post-thumbnail","6":"product_cat-antimicoticos","7":"product_cat-avicola","8":"desktop-align-left","9":"tablet-align-left","10":"mobile-align-left","12":"first","13":"instock","14":"shipping-taxable","15":"product-type-simple"},"_links":{"self":[{"href":"https:\/\/farmavet.com.ec\/index.php?rest_route=\/wp\/v2\/product\/2438","targetHints":{"allow":["GET"]}}],"collection":[{"href":"https:\/\/farmavet.com.ec\/index.php?rest_route=\/wp\/v2\/product"}],"about":[{"href":"https:\/\/farmavet.com.ec\/index.php?rest_route=\/wp\/v2\/types\/product"}],"replies":[{"embeddable":true,"href":"https:\/\/farmavet.com.ec\/index.php?rest_route=%2Fwp%2Fv2%2Fcomments&post=2438"}],"wp:featuredmedia":[{"embeddable":true,"href":"https:\/\/farmavet.com.ec\/index.php?rest_route=\/wp\/v2\/media\/2437"}],"wp:attachment":[{"href":"https:\/\/farmavet.com.ec\/index.php?rest_route=%2Fwp%2Fv2%2Fmedia&parent=2438"}],"wp:term":[{"taxonomy":"product_brand","embeddable":true,"href":"https:\/\/farmavet.com.ec\/index.php?rest_route=%2Fwp%2Fv2%2Fproduct_brand&post=2438"},{"taxonomy":"product_cat","embeddable":true,"href":"https:\/\/farmavet.com.ec\/index.php?rest_route=%2Fwp%2Fv2%2Fproduct_cat&post=2438"},{"taxonomy":"product_tag","embeddable":true,"href":"https:\/\/farmavet.com.ec\/index.php?rest_route=%2Fwp%2Fv2%2Fproduct_tag&post=2438"}],"curies":[{"name":"wp","href":"https:\/\/api.w.org\/{rel}","templated":true}]}}