{"id":2877,"date":"2024-08-02T15:04:29","date_gmt":"2024-08-02T15:04:29","guid":{"rendered":"http:\/\/farmavet.com.ec\/?post_type=product&#038;p=2877"},"modified":"2024-08-02T15:04:29","modified_gmt":"2024-08-02T15:04:29","slug":"sistema-de-eliminacion-de-estiercol","status":"publish","type":"product","link":"https:\/\/farmavet.com.ec\/?product=sistema-de-eliminacion-de-estiercol","title":{"rendered":"Sistema de eliminaci\u00f3n de esti\u00e9rcol"},"content":{"rendered":"<p style=\"margin: 0cm; background: white;\"><span style=\"font-size: 10.0pt; font-family: 'Open Sans',sans-serif; color: #333333;\">El sistema autom\u00e1tico de eliminaci\u00f3n de esti\u00e9rcol incluye principalmente la eliminaci\u00f3n de esti\u00e9rcol longitudinal con jaula en la nave, la m\u00e1quina de eliminaci\u00f3n de esti\u00e9rcol de elevaci\u00f3n horizontal y la m\u00e1quina de eliminaci\u00f3n de esti\u00e9rcol central en el \u00e1rea de campo que realiza principalmente el transporte de esti\u00e9rcol desde el interior hasta el exterior del \u00e1rea de almacenamiento de esti\u00e9rcol.<\/span><\/p>\n<p style=\"margin: 0cm; background: white;\"><span style=\"font-size: 10.0pt; font-family: 'Open Sans',sans-serif; color: #333333;\">El raspador de esti\u00e9rcol horizontal interior se usa para transportar el esti\u00e9rcol transportado por la cinta transportadora longitudinal en la jaula al raspador de esti\u00e9rcol inclinado al aire libre que se usa para transportar el esti\u00e9rcol al cami\u00f3n de esti\u00e9rcol, al raspador de esti\u00e9rcol en la granja o al \u00e1rea de almacenamiento designada afuera.<\/span><\/p>\n<p style=\"margin: 0cm; background: white;\"><span style=\"font-size: 10.0pt; font-family: 'Open Sans',sans-serif; color: #333333;\">El sistema de entrega de esti\u00e9rcol en la granja se utiliza principalmente para entregar esti\u00e9rcol de m\u00faltiples gallineros de forma intensiva a la sala de fertilizantes org\u00e1nicos o a la posici\u00f3n designada fuera de la granja, lo que puede reducir en gran medida el tiempo de eliminaci\u00f3n de esti\u00e9rcol en la granja, reducir la mano de obra, reducir el medio ambiente. riesgo de contaminaci\u00f3n de la granja y mejorar la seguridad biol\u00f3gica de la granja.<\/span><\/p>\n<h3 style=\"margin-top: 0cm; background: #F8F8F8;\"><span class=\"fl-heading-text\"><b><span style=\"font-size: 10pt; font-family: Poppins;\">Descripci\u00f3n t\u00e9cnica<\/span><\/b><\/span><\/h3>\n<p style=\"background: #F8F8F8; margin: 0cm 1.5pt 0cm 1.5pt;\"><span style=\"font-size: 10.0pt; font-family: 'Open Sans',sans-serif; color: #333333;\">Se pueden usar diferentes esquemas de juntas de regazo para el raspador de esti\u00e9rcol y varias longitudes de acuerdo con el terreno en el sitio, por lo que la adaptabilidad es fuerte;<\/span><\/p>\n<p style=\"background: #F8F8F8; margin: 0cm 1.5pt 0cm 1.5pt;\"><span style=\"font-size: 10.0pt; font-family: 'Open Sans',sans-serif; color: #333333;\">Los modos de transporte m\u00faltiples, como el transporte subterr\u00e1neo, sobre el suelo y a\u00e9reo, son aplicables a condiciones de terreno complejas;<\/span><\/p>\n<p style=\"background: #F8F8F8; margin: 0cm 1.5pt 0cm 1.5pt;\"><span style=\"font-size: 10.0pt; font-family: 'Open Sans',sans-serif; color: #333333;\">Estructura principal tipo marco de perfil soldado galvanizado en caliente, con prevenci\u00f3n de oxidaci\u00f3n y resistencia a la corrosi\u00f3n;<\/span><\/p>\n<p style=\"background: #F8F8F8; margin: 0cm 1.5pt 0cm 1.5pt;\"><span style=\"font-size: 10.0pt; font-family: 'Open Sans',sans-serif; color: #333333;\">La estructura de conducci\u00f3n del rodillo de presi\u00f3n de la correa es adecuada para condiciones de trabajo complejas, como esti\u00e9rcol diluido, agua de lluvia y condiciones resbaladizas, y puede prevenir eficazmente que la correa transportadora de esti\u00e9rcol se deslice;<\/span><\/p>\n<p style=\"background: #F8F8F8; margin: 0cm 1.5pt 0cm 1.5pt;\"><span style=\"font-size: 10.0pt; font-family: 'Open Sans',sans-serif; color: #333333;\">La estructura de la hoja del raspador multicanal facilita una alta eficiencia en la limpieza de la cinta de esti\u00e9rcol;<\/span><\/p>\n<p style=\"background: #F8F8F8; margin: 0cm 1.5pt 0cm 1.5pt;\"><span style=\"font-size: 10.0pt; font-family: 'Open Sans',sans-serif; color: #333333;\">Se proporcionan estructuras antidesviaci\u00f3n en los extremos delantero y trasero para garantizar que no se desv\u00ede la cinta transportadora de esti\u00e9rcol;<\/span><\/p>\n<p style=\"background: #F8F8F8; margin: 0cm 1.5pt 0cm 1.5pt;\"><span style=\"font-size: 10.0pt; font-family: 'Open Sans',sans-serif; color: #333333;\">La cinta transportadora de goma es resistente al desgaste, anticorrosi\u00f3n y duradera;<\/span><\/p>\n<p style=\"background: #F8F8F8; margin: 0cm 1.5pt 0cm 1.5pt;\"><span style=\"font-size: 10.0pt; font-family: 'Open Sans',sans-serif; color: #333333;\">Al aprender la tecnolog\u00eda \u00fanica de eliminaci\u00f3n de esti\u00e9rcol del exterior, la correa de esti\u00e9rcol no se deslizar\u00e1 m\u00e1s cuando est\u00e9 suelta y puede funcionar continuamente al hacer que la parte superior est\u00e9 tensa y la parte inferior suelta;<\/span><\/p>\n<p style=\"background: #F8F8F8; margin: 0cm 1.5pt 0cm 1.5pt;\"><span style=\"font-size: 10.0pt; font-family: 'Open Sans',sans-serif; color: #333333;\">La correa corre a una velocidad de 2 m\/min, lo que resuelve el problema de la desviaci\u00f3n y el borde rizado;<\/span><\/p>\n","protected":false},"excerpt":{"rendered":"<p style=\"margin: 0cm; background: white;\"><span style=\"font-size: 10.0pt; font-family: 'Open Sans',sans-serif; color: #333333;\">El sistema autom\u00e1tico de eliminaci\u00f3n de esti\u00e9rcol incluye principalmente la eliminaci\u00f3n de esti\u00e9rcol longitudinal con jaula en la nave, la m\u00e1quina de eliminaci\u00f3n de esti\u00e9rcol de elevaci\u00f3n horizontal y la m\u00e1quina de eliminaci\u00f3n de esti\u00e9rcol central en el \u00e1rea de campo que realiza principalmente el transporte de esti\u00e9rcol desde el interior hasta el exterior del \u00e1rea de almacenamiento de esti\u00e9rcol.<\/span><\/p>\n","protected":false},"featured_media":2878,"comment_status":"open","ping_status":"closed","template":"","meta":{"site-sidebar-layout":"default","site-content-layout":"","ast-site-content-layout":"default","site-content-style":"default","site-sidebar-style":"default","ast-global-header-display":"","ast-banner-title-visibility":"","ast-main-header-display":"","ast-hfb-above-header-display":"","ast-hfb-below-header-display":"","ast-hfb-mobile-header-display":"","site-post-title":"","ast-breadcrumbs-content":"","ast-featured-img":"","footer-sml-layout":"","ast-disable-related-posts":"","theme-transparent-header-meta":"default","adv-header-id-meta":"","stick-header-meta":"","header-above-stick-meta":"","header-main-stick-meta":"","header-below-stick-meta":"","astra-migrate-meta-layouts":"set","ast-page-background-enabled":"default","ast-page-background-meta":{"desktop":{"background-color":"var(--ast-global-color-4)","background-image":"","background-repeat":"repeat","background-position":"center center","background-size":"auto","background-attachment":"scroll","background-type":"","background-media":"","overlay-type":"","overlay-color":"","overlay-opacity":"","overlay-gradient":""},"tablet":{"background-color":"","background-image":"","background-repeat":"repeat","background-position":"center center","background-size":"auto","background-attachment":"scroll","background-type":"","background-media":"","overlay-type":"","overlay-color":"","overlay-opacity":"","overlay-gradient":""},"mobile":{"background-color":"","background-image":"","background-repeat":"repeat","background-position":"center center","background-size":"auto","background-attachment":"scroll","background-type":"","background-media":"","overlay-type":"","overlay-color":"","overlay-opacity":"","overlay-gradient":""}},"ast-content-background-meta":{"desktop":{"background-color":"var(--ast-global-color-5)","background-image":"","background-repeat":"repeat","background-position":"center center","background-size":"auto","background-attachment":"scroll","background-type":"","background-media":"","overlay-type":"","overlay-color":"","overlay-opacity":"","overlay-gradient":""},"tablet":{"background-color":"var(--ast-global-color-5)","background-image":"","background-repeat":"repeat","background-position":"center center","background-size":"auto","background-attachment":"scroll","background-type":"","background-media":"","overlay-type":"","overlay-color":"","overlay-opacity":"","overlay-gradient":""},"mobile":{"background-color":"var(--ast-global-color-5)","background-image":"","background-repeat":"repeat","background-position":"center center","background-size":"auto","background-attachment":"scroll","background-type":"","background-media":"","overlay-type":"","overlay-color":"","overlay-opacity":"","overlay-gradient":""}},"_themeisle_gutenberg_block_has_review":false},"product_brand":[],"product_cat":[57],"product_tag":[],"class_list":{"0":"post-2877","1":"product","2":"type-product","3":"status-publish","4":"has-post-thumbnail","6":"product_cat-automatizacion","7":"desktop-align-left","8":"tablet-align-left","9":"mobile-align-left","11":"first","12":"instock","13":"shipping-taxable","14":"product-type-simple"},"_links":{"self":[{"href":"https:\/\/farmavet.com.ec\/index.php?rest_route=\/wp\/v2\/product\/2877","targetHints":{"allow":["GET"]}}],"collection":[{"href":"https:\/\/farmavet.com.ec\/index.php?rest_route=\/wp\/v2\/product"}],"about":[{"href":"https:\/\/farmavet.com.ec\/index.php?rest_route=\/wp\/v2\/types\/product"}],"replies":[{"embeddable":true,"href":"https:\/\/farmavet.com.ec\/index.php?rest_route=%2Fwp%2Fv2%2Fcomments&post=2877"}],"wp:featuredmedia":[{"embeddable":true,"href":"https:\/\/farmavet.com.ec\/index.php?rest_route=\/wp\/v2\/media\/2878"}],"wp:attachment":[{"href":"https:\/\/farmavet.com.ec\/index.php?rest_route=%2Fwp%2Fv2%2Fmedia&parent=2877"}],"wp:term":[{"taxonomy":"product_brand","embeddable":true,"href":"https:\/\/farmavet.com.ec\/index.php?rest_route=%2Fwp%2Fv2%2Fproduct_brand&post=2877"},{"taxonomy":"product_cat","embeddable":true,"href":"https:\/\/farmavet.com.ec\/index.php?rest_route=%2Fwp%2Fv2%2Fproduct_cat&post=2877"},{"taxonomy":"product_tag","embeddable":true,"href":"https:\/\/farmavet.com.ec\/index.php?rest_route=%2Fwp%2Fv2%2Fproduct_tag&post=2877"}],"curies":[{"name":"wp","href":"https:\/\/api.w.org\/{rel}","templated":true}]}}