{"id":2887,"date":"2024-08-02T17:36:53","date_gmt":"2024-08-02T17:36:53","guid":{"rendered":"http:\/\/farmavet.com.ec\/?post_type=product&#038;p=2887"},"modified":"2026-02-09T22:48:18","modified_gmt":"2026-02-10T03:48:18","slug":"expulsador-de-huevos","status":"publish","type":"product","link":"https:\/\/farmavet.com.ec\/?product=expulsador-de-huevos","title":{"rendered":"Expulsador de Huevos."},"content":{"rendered":"<p>El expulsador de huevos tambi\u00e9n se llama clasificador de huevos, se utiliza para inspeccionar la calidad de la c\u00e1scara interna y externa de los huevos y clasificarlos por peso. Es adecuado para proveedores de huevos, producci\u00f3n de huevos y plantas de procesamiento de alimentos.<\/p>\n<p>De acuerdo con las necesidades de procesamiento de huevos de diferentes industrias, desarrollamos una variedad de clasificadoras de huevos para ayudarlo a mejorar la eficiencia de la producci\u00f3n.<\/p>\n<p>La clasificadora de huevos de aves de corral\u00a0 puede clasificar huevos hasta en 7 niveles con una precisi\u00f3n de \u00b11 gramo. Generalmente se compone de un dispositivo de detecci\u00f3n de luz, una impresora y un clasificador. El elevador de huevos por vac\u00edo opcional puede cargar 30 huevos en el acumulador a la vez para mejorar la eficiencia del trabajo. La clasificadora de huevos a gran escala est\u00e1 equipada con una pantalla t\u00e1ctil a color PLC, un sistema de autodiagn\u00f3stico y una m\u00e1quina empacadora autom\u00e1tica. Adem\u00e1s, la clasificadora de huevos\u00a0 se puede conectar con la lavadora de huevos para establecer una l\u00ednea completa de producci\u00f3n de procesamiento de huevos.<\/p>\n<p>Podemos proporcionar las siguientes clasificadoras de huevos con varias capacidades para satisfacer sus diferentes necesidades:<\/p>\n<ul>\n<li>90 cj huevos \/ hora<\/li>\n<\/ul>\n","protected":false},"excerpt":{"rendered":"<p>El expulsador de huevos tambi\u00e9n se llama clasificador de huevos, se utiliza para inspeccionar la calidad de la c\u00e1scara interna y externa de los huevos y clasificarlos por peso. Es adecuado para proveedores de huevos, producci\u00f3n de huevos y plantas de procesamiento de alimentos.<\/p>\n","protected":false},"featured_media":2888,"comment_status":"open","ping_status":"closed","template":"","meta":{"site-sidebar-layout":"default","site-content-layout":"","ast-site-content-layout":"default","site-content-style":"default","site-sidebar-style":"default","ast-global-header-display":"","ast-banner-title-visibility":"","ast-main-header-display":"","ast-hfb-above-header-display":"","ast-hfb-below-header-display":"","ast-hfb-mobile-header-display":"","site-post-title":"","ast-breadcrumbs-content":"","ast-featured-img":"","footer-sml-layout":"","ast-disable-related-posts":"","theme-transparent-header-meta":"default","adv-header-id-meta":"","stick-header-meta":"","header-above-stick-meta":"","header-main-stick-meta":"","header-below-stick-meta":"","astra-migrate-meta-layouts":"set","ast-page-background-enabled":"default","ast-page-background-meta":{"desktop":{"background-color":"var(--ast-global-color-4)","background-image":"","background-repeat":"repeat","background-position":"center center","background-size":"auto","background-attachment":"scroll","background-type":"","background-media":"","overlay-type":"","overlay-color":"","overlay-opacity":"","overlay-gradient":""},"tablet":{"background-color":"","background-image":"","background-repeat":"repeat","background-position":"center center","background-size":"auto","background-attachment":"scroll","background-type":"","background-media":"","overlay-type":"","overlay-color":"","overlay-opacity":"","overlay-gradient":""},"mobile":{"background-color":"","background-image":"","background-repeat":"repeat","background-position":"center center","background-size":"auto","background-attachment":"scroll","background-type":"","background-media":"","overlay-type":"","overlay-color":"","overlay-opacity":"","overlay-gradient":""}},"ast-content-background-meta":{"desktop":{"background-color":"var(--ast-global-color-5)","background-image":"","background-repeat":"repeat","background-position":"center center","background-size":"auto","background-attachment":"scroll","background-type":"","background-media":"","overlay-type":"","overlay-color":"","overlay-opacity":"","overlay-gradient":""},"tablet":{"background-color":"var(--ast-global-color-5)","background-image":"","background-repeat":"repeat","background-position":"center center","background-size":"auto","background-attachment":"scroll","background-type":"","background-media":"","overlay-type":"","overlay-color":"","overlay-opacity":"","overlay-gradient":""},"mobile":{"background-color":"var(--ast-global-color-5)","background-image":"","background-repeat":"repeat","background-position":"center center","background-size":"auto","background-attachment":"scroll","background-type":"","background-media":"","overlay-type":"","overlay-color":"","overlay-opacity":"","overlay-gradient":""}},"_themeisle_gutenberg_block_has_review":false},"product_brand":[],"product_cat":[57],"product_tag":[],"class_list":{"0":"post-2887","1":"product","2":"type-product","3":"status-publish","4":"has-post-thumbnail","6":"product_cat-automatizacion","7":"desktop-align-left","8":"tablet-align-left","9":"mobile-align-left","11":"first","12":"instock","13":"shipping-taxable","14":"product-type-simple"},"_links":{"self":[{"href":"https:\/\/farmavet.com.ec\/index.php?rest_route=\/wp\/v2\/product\/2887","targetHints":{"allow":["GET"]}}],"collection":[{"href":"https:\/\/farmavet.com.ec\/index.php?rest_route=\/wp\/v2\/product"}],"about":[{"href":"https:\/\/farmavet.com.ec\/index.php?rest_route=\/wp\/v2\/types\/product"}],"replies":[{"embeddable":true,"href":"https:\/\/farmavet.com.ec\/index.php?rest_route=%2Fwp%2Fv2%2Fcomments&post=2887"}],"wp:featuredmedia":[{"embeddable":true,"href":"https:\/\/farmavet.com.ec\/index.php?rest_route=\/wp\/v2\/media\/2888"}],"wp:attachment":[{"href":"https:\/\/farmavet.com.ec\/index.php?rest_route=%2Fwp%2Fv2%2Fmedia&parent=2887"}],"wp:term":[{"taxonomy":"product_brand","embeddable":true,"href":"https:\/\/farmavet.com.ec\/index.php?rest_route=%2Fwp%2Fv2%2Fproduct_brand&post=2887"},{"taxonomy":"product_cat","embeddable":true,"href":"https:\/\/farmavet.com.ec\/index.php?rest_route=%2Fwp%2Fv2%2Fproduct_cat&post=2887"},{"taxonomy":"product_tag","embeddable":true,"href":"https:\/\/farmavet.com.ec\/index.php?rest_route=%2Fwp%2Fv2%2Fproduct_tag&post=2887"}],"curies":[{"name":"wp","href":"https:\/\/api.w.org\/{rel}","templated":true}]}}