{"id":2899,"date":"2024-08-02T17:55:03","date_gmt":"2024-08-02T17:55:03","guid":{"rendered":"http:\/\/farmavet.com.ec\/?post_type=product&#038;p=2899"},"modified":"2024-08-02T17:55:32","modified_gmt":"2024-08-02T17:55:32","slug":"alimentador-de-huevos","status":"publish","type":"product","link":"https:\/\/farmavet.com.ec\/?product=alimentador-de-huevos","title":{"rendered":"Alimentador de huevos"},"content":{"rendered":"<p>El traslado de los huevos de forma semiautom\u00e1tica de la bandeja de incubaci\u00f3n al cesto de incubaci\u00f3n mejora la velocidad, la eficiencia y el rendimiento de los operadores. El cabezal de aspiraci\u00f3n de r\u00e1pido acoplamiento permite cambiar f\u00e1cilmente a otros tipos de bandejas, mientras que el sistema semiautom\u00e1tico de traslado de huevos emite bajos niveles de sonido para un funcionamiento silencioso y es f\u00e1cil de limpiar.<\/p>\n<p>Este sistema, que posee una capacidad de hasta 50\u00a0000 huevos por hora, se puede combinar f\u00e1cilmente con m\u00e1quinas autom\u00e1ticas de realizaci\u00f3n de ovoscopias y retirada de huevos. Cuatro ruedas para mayor estabilidad y f\u00e1cil maniobrabilidad. Una unidad auxiliar de gran utilidad para los sistemas de traslado autom\u00e1ticos.<\/p>\n<p>C\u00f3mo funciona<\/p>\n<p>Un operador carga las bandejas de incubaci\u00f3n completas en el sistema, o bien lo hace una cinta transportadora autom\u00e1tica.<\/p>\n<p>Los huevos de la bandeja de incubaci\u00f3n se trasladan mediante un cabezal de aspiraci\u00f3n vertical que desciende tras la colocaci\u00f3n de la bandeja, para levantar cuidadosamente los huevos mediante succi\u00f3n al vac\u00edo.<\/p>\n<p>La bandeja de incubaci\u00f3n vac\u00eda puede retirarse y sustituirse por un cesto de incubaci\u00f3n vac\u00edo que se coloca debajo del cabezal de aspiraci\u00f3n al vac\u00edo con huevos.<\/p>\n<p>El cabezal baja cuidadosamente los huevos y los coloca en el cesto de incubaci\u00f3n, tras lo cual se puede retirar el cesto lleno.<\/p>\n<p>Esta secuencia se repite hasta que se trasladan todos los huevos.<\/p>\n","protected":false},"excerpt":{"rendered":"<p>El traslado de los huevos de forma semiautom\u00e1tica de la bandeja de incubaci\u00f3n al cesto de incubaci\u00f3n mejora la velocidad, la eficiencia y el rendimiento de los operadores. El cabezal de aspiraci\u00f3n de r\u00e1pido acoplamiento permite cambiar f\u00e1cilmente a otros tipos de bandejas, mientras que el sistema semiautom\u00e1tico de traslado de huevos emite bajos niveles de sonido para un funcionamiento silencioso y es f\u00e1cil de limpiar.<\/p>\n","protected":false},"featured_media":2900,"comment_status":"open","ping_status":"closed","template":"","meta":{"site-sidebar-layout":"default","site-content-layout":"","ast-site-content-layout":"default","site-content-style":"default","site-sidebar-style":"default","ast-global-header-display":"","ast-banner-title-visibility":"","ast-main-header-display":"","ast-hfb-above-header-display":"","ast-hfb-below-header-display":"","ast-hfb-mobile-header-display":"","site-post-title":"","ast-breadcrumbs-content":"","ast-featured-img":"","footer-sml-layout":"","ast-disable-related-posts":"","theme-transparent-header-meta":"default","adv-header-id-meta":"","stick-header-meta":"","header-above-stick-meta":"","header-main-stick-meta":"","header-below-stick-meta":"","astra-migrate-meta-layouts":"set","ast-page-background-enabled":"default","ast-page-background-meta":{"desktop":{"background-color":"var(--ast-global-color-4)","background-image":"","background-repeat":"repeat","background-position":"center center","background-size":"auto","background-attachment":"scroll","background-type":"","background-media":"","overlay-type":"","overlay-color":"","overlay-opacity":"","overlay-gradient":""},"tablet":{"background-color":"","background-image":"","background-repeat":"repeat","background-position":"center center","background-size":"auto","background-attachment":"scroll","background-type":"","background-media":"","overlay-type":"","overlay-color":"","overlay-opacity":"","overlay-gradient":""},"mobile":{"background-color":"","background-image":"","background-repeat":"repeat","background-position":"center center","background-size":"auto","background-attachment":"scroll","background-type":"","background-media":"","overlay-type":"","overlay-color":"","overlay-opacity":"","overlay-gradient":""}},"ast-content-background-meta":{"desktop":{"background-color":"var(--ast-global-color-5)","background-image":"","background-repeat":"repeat","background-position":"center center","background-size":"auto","background-attachment":"scroll","background-type":"","background-media":"","overlay-type":"","overlay-color":"","overlay-opacity":"","overlay-gradient":""},"tablet":{"background-color":"var(--ast-global-color-5)","background-image":"","background-repeat":"repeat","background-position":"center center","background-size":"auto","background-attachment":"scroll","background-type":"","background-media":"","overlay-type":"","overlay-color":"","overlay-opacity":"","overlay-gradient":""},"mobile":{"background-color":"var(--ast-global-color-5)","background-image":"","background-repeat":"repeat","background-position":"center center","background-size":"auto","background-attachment":"scroll","background-type":"","background-media":"","overlay-type":"","overlay-color":"","overlay-opacity":"","overlay-gradient":""}},"_themeisle_gutenberg_block_has_review":false},"product_brand":[],"product_cat":[57],"product_tag":[],"class_list":{"0":"post-2899","1":"product","2":"type-product","3":"status-publish","4":"has-post-thumbnail","6":"product_cat-automatizacion","7":"desktop-align-left","8":"tablet-align-left","9":"mobile-align-left","11":"first","12":"instock","13":"shipping-taxable","14":"product-type-simple"},"_links":{"self":[{"href":"https:\/\/farmavet.com.ec\/index.php?rest_route=\/wp\/v2\/product\/2899","targetHints":{"allow":["GET"]}}],"collection":[{"href":"https:\/\/farmavet.com.ec\/index.php?rest_route=\/wp\/v2\/product"}],"about":[{"href":"https:\/\/farmavet.com.ec\/index.php?rest_route=\/wp\/v2\/types\/product"}],"replies":[{"embeddable":true,"href":"https:\/\/farmavet.com.ec\/index.php?rest_route=%2Fwp%2Fv2%2Fcomments&post=2899"}],"wp:featuredmedia":[{"embeddable":true,"href":"https:\/\/farmavet.com.ec\/index.php?rest_route=\/wp\/v2\/media\/2900"}],"wp:attachment":[{"href":"https:\/\/farmavet.com.ec\/index.php?rest_route=%2Fwp%2Fv2%2Fmedia&parent=2899"}],"wp:term":[{"taxonomy":"product_brand","embeddable":true,"href":"https:\/\/farmavet.com.ec\/index.php?rest_route=%2Fwp%2Fv2%2Fproduct_brand&post=2899"},{"taxonomy":"product_cat","embeddable":true,"href":"https:\/\/farmavet.com.ec\/index.php?rest_route=%2Fwp%2Fv2%2Fproduct_cat&post=2899"},{"taxonomy":"product_tag","embeddable":true,"href":"https:\/\/farmavet.com.ec\/index.php?rest_route=%2Fwp%2Fv2%2Fproduct_tag&post=2899"}],"curies":[{"name":"wp","href":"https:\/\/api.w.org\/{rel}","templated":true}]}}