{"id":2901,"date":"2024-08-02T17:58:28","date_gmt":"2024-08-02T17:58:28","guid":{"rendered":"http:\/\/farmavet.com.ec\/?post_type=product&#038;p=2901"},"modified":"2024-08-02T17:58:29","modified_gmt":"2024-08-02T17:58:29","slug":"ovoscopia-de-lampras-led","status":"publish","type":"product","link":"https:\/\/farmavet.com.ec\/?product=ovoscopia-de-lampras-led","title":{"rendered":"Ovoscopia de lampras led"},"content":{"rendered":"<p>La mesa de ovoscopia de gran capacidad ilumina toda la bandeja de huevos de incubaci\u00f3n gracias al conjunto de luz hal\u00f3gena que se encuentra situado debajo de la misma para identificar visualmente los huevos claros o inf\u00e9rtiles. Ideal para realizar ovoscopias en peque\u00f1os lotes de huevos o analizar bandejas de muestra para lotes de gran tama\u00f1o.<\/p>\n<p>Construcci\u00f3n de acero inoxidable f\u00e1cil de limpiar, montada sobre ruedas giratorias para facilitar su maniobrabilidad. Cuando se incorpora una cita transportadora (con rodillos), las bandejas se pueden transportar autom\u00e1ticamente para lograr unas condiciones de trabajo \u00f3ptimas.<\/p>\n<p>C\u00f3mo funciona<\/p>\n<p>La tapa de la mesa de ovoscopia consta de 126, 150 o 162 agujeros (en funci\u00f3n del tipo de bandeja) que coinciden con el centro de los huevos en la bandeja de incubaci\u00f3n.<\/p>\n<p>Tras colocar la bandeja de incubaci\u00f3n, la tapa se levanta con un asa que coloca los huevos en los agujeros de la mesa.<\/p>\n<p>Los huevos sin desarrollo embrionario permiten que pase una mayor cantidad de luz, por lo que se identifican f\u00e1cilmente para su retirada manual.<\/p>\n<p>A continuaci\u00f3n, la bandeja de incubaci\u00f3n sin huevos inf\u00e9rtiles puede continuar por el sistema de traslado hasta los cestos de incubaci\u00f3n o bien devolverse a la ponedora si se realiza la ovoscopia antes del d\u00eda 18.<\/p>\n","protected":false},"excerpt":{"rendered":"<p>La mesa de ovoscopia de gran capacidad ilumina toda la bandeja de huevos de incubaci\u00f3n gracias al conjunto de luz hal\u00f3gena que se encuentra situado debajo de la misma para identificar visualmente los huevos claros o inf\u00e9rtiles. Ideal para realizar ovoscopias en peque\u00f1os lotes de huevos o analizar bandejas de muestra para lotes de gran tama\u00f1o.<\/p>\n","protected":false},"featured_media":2902,"comment_status":"open","ping_status":"closed","template":"","meta":{"site-sidebar-layout":"default","site-content-layout":"","ast-site-content-layout":"default","site-content-style":"default","site-sidebar-style":"default","ast-global-header-display":"","ast-banner-title-visibility":"","ast-main-header-display":"","ast-hfb-above-header-display":"","ast-hfb-below-header-display":"","ast-hfb-mobile-header-display":"","site-post-title":"","ast-breadcrumbs-content":"","ast-featured-img":"","footer-sml-layout":"","ast-disable-related-posts":"","theme-transparent-header-meta":"default","adv-header-id-meta":"","stick-header-meta":"","header-above-stick-meta":"","header-main-stick-meta":"","header-below-stick-meta":"","astra-migrate-meta-layouts":"set","ast-page-background-enabled":"default","ast-page-background-meta":{"desktop":{"background-color":"var(--ast-global-color-4)","background-image":"","background-repeat":"repeat","background-position":"center center","background-size":"auto","background-attachment":"scroll","background-type":"","background-media":"","overlay-type":"","overlay-color":"","overlay-opacity":"","overlay-gradient":""},"tablet":{"background-color":"","background-image":"","background-repeat":"repeat","background-position":"center center","background-size":"auto","background-attachment":"scroll","background-type":"","background-media":"","overlay-type":"","overlay-color":"","overlay-opacity":"","overlay-gradient":""},"mobile":{"background-color":"","background-image":"","background-repeat":"repeat","background-position":"center center","background-size":"auto","background-attachment":"scroll","background-type":"","background-media":"","overlay-type":"","overlay-color":"","overlay-opacity":"","overlay-gradient":""}},"ast-content-background-meta":{"desktop":{"background-color":"var(--ast-global-color-5)","background-image":"","background-repeat":"repeat","background-position":"center center","background-size":"auto","background-attachment":"scroll","background-type":"","background-media":"","overlay-type":"","overlay-color":"","overlay-opacity":"","overlay-gradient":""},"tablet":{"background-color":"var(--ast-global-color-5)","background-image":"","background-repeat":"repeat","background-position":"center center","background-size":"auto","background-attachment":"scroll","background-type":"","background-media":"","overlay-type":"","overlay-color":"","overlay-opacity":"","overlay-gradient":""},"mobile":{"background-color":"var(--ast-global-color-5)","background-image":"","background-repeat":"repeat","background-position":"center center","background-size":"auto","background-attachment":"scroll","background-type":"","background-media":"","overlay-type":"","overlay-color":"","overlay-opacity":"","overlay-gradient":""}},"_themeisle_gutenberg_block_has_review":false},"product_brand":[],"product_cat":[57],"product_tag":[],"class_list":{"0":"post-2901","1":"product","2":"type-product","3":"status-publish","4":"has-post-thumbnail","6":"product_cat-automatizacion","7":"desktop-align-left","8":"tablet-align-left","9":"mobile-align-left","11":"first","12":"instock","13":"shipping-taxable","14":"product-type-simple"},"_links":{"self":[{"href":"https:\/\/farmavet.com.ec\/index.php?rest_route=\/wp\/v2\/product\/2901","targetHints":{"allow":["GET"]}}],"collection":[{"href":"https:\/\/farmavet.com.ec\/index.php?rest_route=\/wp\/v2\/product"}],"about":[{"href":"https:\/\/farmavet.com.ec\/index.php?rest_route=\/wp\/v2\/types\/product"}],"replies":[{"embeddable":true,"href":"https:\/\/farmavet.com.ec\/index.php?rest_route=%2Fwp%2Fv2%2Fcomments&post=2901"}],"wp:featuredmedia":[{"embeddable":true,"href":"https:\/\/farmavet.com.ec\/index.php?rest_route=\/wp\/v2\/media\/2902"}],"wp:attachment":[{"href":"https:\/\/farmavet.com.ec\/index.php?rest_route=%2Fwp%2Fv2%2Fmedia&parent=2901"}],"wp:term":[{"taxonomy":"product_brand","embeddable":true,"href":"https:\/\/farmavet.com.ec\/index.php?rest_route=%2Fwp%2Fv2%2Fproduct_brand&post=2901"},{"taxonomy":"product_cat","embeddable":true,"href":"https:\/\/farmavet.com.ec\/index.php?rest_route=%2Fwp%2Fv2%2Fproduct_cat&post=2901"},{"taxonomy":"product_tag","embeddable":true,"href":"https:\/\/farmavet.com.ec\/index.php?rest_route=%2Fwp%2Fv2%2Fproduct_tag&post=2901"}],"curies":[{"name":"wp","href":"https:\/\/api.w.org\/{rel}","templated":true}]}}