{"id":2904,"date":"2024-08-02T18:01:28","date_gmt":"2024-08-02T18:01:28","guid":{"rendered":"http:\/\/farmavet.com.ec\/?post_type=product&#038;p=2904"},"modified":"2024-08-02T18:01:28","modified_gmt":"2024-08-02T18:01:28","slug":"pesadora-de-huevos-electronica","status":"publish","type":"product","link":"https:\/\/farmavet.com.ec\/?product=pesadora-de-huevos-electronica","title":{"rendered":"Pesadora de huevos electronica"},"content":{"rendered":"<p>Las clasificadoras visualizadoras con sistema de pesaje electr\u00f3nico est\u00e1n dise\u00f1adas para clasificar los huevos con gran precisi\u00f3n. Con una gama desde 6.500 a 90.000 huevos\/hora, nuestras clasificadoras est\u00e1n dise\u00f1adas para envasar autom\u00e1ticamente los huevos en bandejas de huevos y\/o en cajas. Pueden estar alimentadas directamente por un transportador de huevos o cargarse manualmente o autom\u00e1ticamente en l\u00edneas que se denominan \u00aboff line\u00bb.<\/p>\n<p>Funciona con envases de pl\u00e1stico o cart\u00f3n.<\/p>\n<p>Interfaz de clasificadora\/impresora de huevos<\/p>\n<p>Varias opciones disponibles (marcado, cierre de cajas, &#8230;)<\/p>\n<p>Hasta 10 l\u00edneas de envasado autom\u00e1tico<\/p>\n<p>&nbsp;<\/p>\n","protected":false},"excerpt":{"rendered":"<p>Las clasificadoras visualizadoras con sistema de pesaje electr\u00f3nico est\u00e1n dise\u00f1adas para clasificar los huevos con gran precisi\u00f3n. Con una gama desde 6.500 a 90.000 huevos\/hora, nuestras clasificadoras est\u00e1n dise\u00f1adas para envasar autom\u00e1ticamente los huevos en bandejas de huevos y\/o en cajas. Pueden estar alimentadas directamente por un transportador de huevos o cargarse manualmente o autom\u00e1ticamente en l\u00edneas que se denominan \u00aboff line\u00bb.<\/p>\n<p>&nbsp;<\/p>\n","protected":false},"featured_media":2905,"comment_status":"open","ping_status":"closed","template":"","meta":{"site-sidebar-layout":"default","site-content-layout":"","ast-site-content-layout":"default","site-content-style":"default","site-sidebar-style":"default","ast-global-header-display":"","ast-banner-title-visibility":"","ast-main-header-display":"","ast-hfb-above-header-display":"","ast-hfb-below-header-display":"","ast-hfb-mobile-header-display":"","site-post-title":"","ast-breadcrumbs-content":"","ast-featured-img":"","footer-sml-layout":"","ast-disable-related-posts":"","theme-transparent-header-meta":"default","adv-header-id-meta":"","stick-header-meta":"","header-above-stick-meta":"","header-main-stick-meta":"","header-below-stick-meta":"","astra-migrate-meta-layouts":"set","ast-page-background-enabled":"default","ast-page-background-meta":{"desktop":{"background-color":"var(--ast-global-color-4)","background-image":"","background-repeat":"repeat","background-position":"center center","background-size":"auto","background-attachment":"scroll","background-type":"","background-media":"","overlay-type":"","overlay-color":"","overlay-opacity":"","overlay-gradient":""},"tablet":{"background-color":"","background-image":"","background-repeat":"repeat","background-position":"center center","background-size":"auto","background-attachment":"scroll","background-type":"","background-media":"","overlay-type":"","overlay-color":"","overlay-opacity":"","overlay-gradient":""},"mobile":{"background-color":"","background-image":"","background-repeat":"repeat","background-position":"center center","background-size":"auto","background-attachment":"scroll","background-type":"","background-media":"","overlay-type":"","overlay-color":"","overlay-opacity":"","overlay-gradient":""}},"ast-content-background-meta":{"desktop":{"background-color":"var(--ast-global-color-5)","background-image":"","background-repeat":"repeat","background-position":"center center","background-size":"auto","background-attachment":"scroll","background-type":"","background-media":"","overlay-type":"","overlay-color":"","overlay-opacity":"","overlay-gradient":""},"tablet":{"background-color":"var(--ast-global-color-5)","background-image":"","background-repeat":"repeat","background-position":"center center","background-size":"auto","background-attachment":"scroll","background-type":"","background-media":"","overlay-type":"","overlay-color":"","overlay-opacity":"","overlay-gradient":""},"mobile":{"background-color":"var(--ast-global-color-5)","background-image":"","background-repeat":"repeat","background-position":"center center","background-size":"auto","background-attachment":"scroll","background-type":"","background-media":"","overlay-type":"","overlay-color":"","overlay-opacity":"","overlay-gradient":""}},"_themeisle_gutenberg_block_has_review":false},"product_brand":[],"product_cat":[57],"product_tag":[],"class_list":{"0":"post-2904","1":"product","2":"type-product","3":"status-publish","4":"has-post-thumbnail","6":"product_cat-automatizacion","7":"desktop-align-left","8":"tablet-align-left","9":"mobile-align-left","11":"first","12":"instock","13":"shipping-taxable","14":"product-type-simple"},"_links":{"self":[{"href":"https:\/\/farmavet.com.ec\/index.php?rest_route=\/wp\/v2\/product\/2904","targetHints":{"allow":["GET"]}}],"collection":[{"href":"https:\/\/farmavet.com.ec\/index.php?rest_route=\/wp\/v2\/product"}],"about":[{"href":"https:\/\/farmavet.com.ec\/index.php?rest_route=\/wp\/v2\/types\/product"}],"replies":[{"embeddable":true,"href":"https:\/\/farmavet.com.ec\/index.php?rest_route=%2Fwp%2Fv2%2Fcomments&post=2904"}],"wp:featuredmedia":[{"embeddable":true,"href":"https:\/\/farmavet.com.ec\/index.php?rest_route=\/wp\/v2\/media\/2905"}],"wp:attachment":[{"href":"https:\/\/farmavet.com.ec\/index.php?rest_route=%2Fwp%2Fv2%2Fmedia&parent=2904"}],"wp:term":[{"taxonomy":"product_brand","embeddable":true,"href":"https:\/\/farmavet.com.ec\/index.php?rest_route=%2Fwp%2Fv2%2Fproduct_brand&post=2904"},{"taxonomy":"product_cat","embeddable":true,"href":"https:\/\/farmavet.com.ec\/index.php?rest_route=%2Fwp%2Fv2%2Fproduct_cat&post=2904"},{"taxonomy":"product_tag","embeddable":true,"href":"https:\/\/farmavet.com.ec\/index.php?rest_route=%2Fwp%2Fv2%2Fproduct_tag&post=2904"}],"curies":[{"name":"wp","href":"https:\/\/api.w.org\/{rel}","templated":true}]}}