{"id":2906,"date":"2024-08-02T18:04:08","date_gmt":"2024-08-02T18:04:08","guid":{"rendered":"http:\/\/farmavet.com.ec\/?post_type=product&#038;p=2906"},"modified":"2024-08-02T18:04:08","modified_gmt":"2024-08-02T18:04:08","slug":"alimentador-de-huevos-automatico","status":"publish","type":"product","link":"https:\/\/farmavet.com.ec\/?product=alimentador-de-huevos-automatico","title":{"rendered":"Alimentador de huevos automatico"},"content":{"rendered":"<p>El alimentador autom\u00e1tico de bandejas sirve para equipos medianos y grandes que requieren una mayor velocidad de procesamiento de huevos. El ABY-670 alimenta con precisi\u00f3n los huevos en varios modos. Puede ser utilizado para alimentaci\u00f3n directa sobre el camino de rodillos de la m\u00e1quina o sobre acumulador, cuando se utilice m\u00e1s de un tipo de alimentaci\u00f3n por equipo. Dispone de panel de control electr\u00f3nico y apilador autom\u00e1tico de bandejas vac\u00edas.<\/p>\n<p>&nbsp;<\/p>\n","protected":false},"excerpt":{"rendered":"<p>El alimentador autom\u00e1tico de bandejas sirve para equipos medianos y grandes que requieren una mayor velocidad de procesamiento de huevos. El ABY-670 alimenta con precisi\u00f3n los huevos en varios modos.<\/p>\n","protected":false},"featured_media":2907,"comment_status":"open","ping_status":"closed","template":"","meta":{"site-sidebar-layout":"default","site-content-layout":"","ast-site-content-layout":"default","site-content-style":"default","site-sidebar-style":"default","ast-global-header-display":"","ast-banner-title-visibility":"","ast-main-header-display":"","ast-hfb-above-header-display":"","ast-hfb-below-header-display":"","ast-hfb-mobile-header-display":"","site-post-title":"","ast-breadcrumbs-content":"","ast-featured-img":"","footer-sml-layout":"","ast-disable-related-posts":"","theme-transparent-header-meta":"default","adv-header-id-meta":"","stick-header-meta":"","header-above-stick-meta":"","header-main-stick-meta":"","header-below-stick-meta":"","astra-migrate-meta-layouts":"set","ast-page-background-enabled":"default","ast-page-background-meta":{"desktop":{"background-color":"var(--ast-global-color-4)","background-image":"","background-repeat":"repeat","background-position":"center center","background-size":"auto","background-attachment":"scroll","background-type":"","background-media":"","overlay-type":"","overlay-color":"","overlay-opacity":"","overlay-gradient":""},"tablet":{"background-color":"","background-image":"","background-repeat":"repeat","background-position":"center center","background-size":"auto","background-attachment":"scroll","background-type":"","background-media":"","overlay-type":"","overlay-color":"","overlay-opacity":"","overlay-gradient":""},"mobile":{"background-color":"","background-image":"","background-repeat":"repeat","background-position":"center center","background-size":"auto","background-attachment":"scroll","background-type":"","background-media":"","overlay-type":"","overlay-color":"","overlay-opacity":"","overlay-gradient":""}},"ast-content-background-meta":{"desktop":{"background-color":"var(--ast-global-color-5)","background-image":"","background-repeat":"repeat","background-position":"center center","background-size":"auto","background-attachment":"scroll","background-type":"","background-media":"","overlay-type":"","overlay-color":"","overlay-opacity":"","overlay-gradient":""},"tablet":{"background-color":"var(--ast-global-color-5)","background-image":"","background-repeat":"repeat","background-position":"center center","background-size":"auto","background-attachment":"scroll","background-type":"","background-media":"","overlay-type":"","overlay-color":"","overlay-opacity":"","overlay-gradient":""},"mobile":{"background-color":"var(--ast-global-color-5)","background-image":"","background-repeat":"repeat","background-position":"center center","background-size":"auto","background-attachment":"scroll","background-type":"","background-media":"","overlay-type":"","overlay-color":"","overlay-opacity":"","overlay-gradient":""}},"_themeisle_gutenberg_block_has_review":false},"product_brand":[],"product_cat":[57],"product_tag":[],"class_list":{"0":"post-2906","1":"product","2":"type-product","3":"status-publish","4":"has-post-thumbnail","6":"product_cat-automatizacion","7":"desktop-align-left","8":"tablet-align-left","9":"mobile-align-left","11":"first","12":"instock","13":"shipping-taxable","14":"product-type-simple"},"_links":{"self":[{"href":"https:\/\/farmavet.com.ec\/index.php?rest_route=\/wp\/v2\/product\/2906","targetHints":{"allow":["GET"]}}],"collection":[{"href":"https:\/\/farmavet.com.ec\/index.php?rest_route=\/wp\/v2\/product"}],"about":[{"href":"https:\/\/farmavet.com.ec\/index.php?rest_route=\/wp\/v2\/types\/product"}],"replies":[{"embeddable":true,"href":"https:\/\/farmavet.com.ec\/index.php?rest_route=%2Fwp%2Fv2%2Fcomments&post=2906"}],"wp:featuredmedia":[{"embeddable":true,"href":"https:\/\/farmavet.com.ec\/index.php?rest_route=\/wp\/v2\/media\/2907"}],"wp:attachment":[{"href":"https:\/\/farmavet.com.ec\/index.php?rest_route=%2Fwp%2Fv2%2Fmedia&parent=2906"}],"wp:term":[{"taxonomy":"product_brand","embeddable":true,"href":"https:\/\/farmavet.com.ec\/index.php?rest_route=%2Fwp%2Fv2%2Fproduct_brand&post=2906"},{"taxonomy":"product_cat","embeddable":true,"href":"https:\/\/farmavet.com.ec\/index.php?rest_route=%2Fwp%2Fv2%2Fproduct_cat&post=2906"},{"taxonomy":"product_tag","embeddable":true,"href":"https:\/\/farmavet.com.ec\/index.php?rest_route=%2Fwp%2Fv2%2Fproduct_tag&post=2906"}],"curies":[{"name":"wp","href":"https:\/\/api.w.org\/{rel}","templated":true}]}}