{"id":2922,"date":"2024-08-02T18:25:27","date_gmt":"2024-08-02T18:25:27","guid":{"rendered":"http:\/\/farmavet.com.ec\/?post_type=product&#038;p=2922"},"modified":"2024-08-02T18:25:28","modified_gmt":"2024-08-02T18:25:28","slug":"potrector-de-cables-de-alimentacion-con-tapete-termico","status":"publish","type":"product","link":"https:\/\/farmavet.com.ec\/?product=potrector-de-cables-de-alimentacion-con-tapete-termico","title":{"rendered":"Potrector de cables de alimentaci\u00f3n con tapete t\u00e9rmico"},"content":{"rendered":"<p>Est\u00e1 dise\u00f1ado para proteger los cables de los tapetes t\u00e9rmicos del acceso de los animales.<\/p>\n<p>Este protector de cable de 41 cm (16 pulg.) est\u00e1 hecho de pl\u00e1stico reforzado con fibra de vidrio y est\u00e1 dise\u00f1ado para colocarse a lo largo de paneles divisores deslizantes. El extremo acampanado del protector de cable permite que los paneles divisores se muevan sin ejercer tensi\u00f3n excesiva sobre el cable de la almohadilla t\u00e9rmica. Cuando se requiere una salida cerrada de 90\u00b0 para el cable de su almohadilla t\u00e9rmica, este protector de cable es la mejor opci\u00f3n.<\/p>\n","protected":false},"excerpt":{"rendered":"<p>Est\u00e1 dise\u00f1ado para proteger los cables de los tapetes t\u00e9rmicos del acceso de los animales.<\/p>\n","protected":false},"featured_media":2923,"comment_status":"open","ping_status":"closed","template":"","meta":{"site-sidebar-layout":"default","site-content-layout":"","ast-site-content-layout":"default","site-content-style":"default","site-sidebar-style":"default","ast-global-header-display":"","ast-banner-title-visibility":"","ast-main-header-display":"","ast-hfb-above-header-display":"","ast-hfb-below-header-display":"","ast-hfb-mobile-header-display":"","site-post-title":"","ast-breadcrumbs-content":"","ast-featured-img":"","footer-sml-layout":"","ast-disable-related-posts":"","theme-transparent-header-meta":"default","adv-header-id-meta":"","stick-header-meta":"","header-above-stick-meta":"","header-main-stick-meta":"","header-below-stick-meta":"","astra-migrate-meta-layouts":"set","ast-page-background-enabled":"default","ast-page-background-meta":{"desktop":{"background-color":"var(--ast-global-color-4)","background-image":"","background-repeat":"repeat","background-position":"center center","background-size":"auto","background-attachment":"scroll","background-type":"","background-media":"","overlay-type":"","overlay-color":"","overlay-opacity":"","overlay-gradient":""},"tablet":{"background-color":"","background-image":"","background-repeat":"repeat","background-position":"center center","background-size":"auto","background-attachment":"scroll","background-type":"","background-media":"","overlay-type":"","overlay-color":"","overlay-opacity":"","overlay-gradient":""},"mobile":{"background-color":"","background-image":"","background-repeat":"repeat","background-position":"center center","background-size":"auto","background-attachment":"scroll","background-type":"","background-media":"","overlay-type":"","overlay-color":"","overlay-opacity":"","overlay-gradient":""}},"ast-content-background-meta":{"desktop":{"background-color":"var(--ast-global-color-5)","background-image":"","background-repeat":"repeat","background-position":"center center","background-size":"auto","background-attachment":"scroll","background-type":"","background-media":"","overlay-type":"","overlay-color":"","overlay-opacity":"","overlay-gradient":""},"tablet":{"background-color":"var(--ast-global-color-5)","background-image":"","background-repeat":"repeat","background-position":"center center","background-size":"auto","background-attachment":"scroll","background-type":"","background-media":"","overlay-type":"","overlay-color":"","overlay-opacity":"","overlay-gradient":""},"mobile":{"background-color":"var(--ast-global-color-5)","background-image":"","background-repeat":"repeat","background-position":"center center","background-size":"auto","background-attachment":"scroll","background-type":"","background-media":"","overlay-type":"","overlay-color":"","overlay-opacity":"","overlay-gradient":""}},"_themeisle_gutenberg_block_has_review":false},"product_brand":[],"product_cat":[57],"product_tag":[],"class_list":{"0":"post-2922","1":"product","2":"type-product","3":"status-publish","4":"has-post-thumbnail","6":"product_cat-automatizacion","7":"desktop-align-left","8":"tablet-align-left","9":"mobile-align-left","11":"first","12":"instock","13":"shipping-taxable","14":"product-type-simple"},"_links":{"self":[{"href":"https:\/\/farmavet.com.ec\/index.php?rest_route=\/wp\/v2\/product\/2922","targetHints":{"allow":["GET"]}}],"collection":[{"href":"https:\/\/farmavet.com.ec\/index.php?rest_route=\/wp\/v2\/product"}],"about":[{"href":"https:\/\/farmavet.com.ec\/index.php?rest_route=\/wp\/v2\/types\/product"}],"replies":[{"embeddable":true,"href":"https:\/\/farmavet.com.ec\/index.php?rest_route=%2Fwp%2Fv2%2Fcomments&post=2922"}],"wp:featuredmedia":[{"embeddable":true,"href":"https:\/\/farmavet.com.ec\/index.php?rest_route=\/wp\/v2\/media\/2923"}],"wp:attachment":[{"href":"https:\/\/farmavet.com.ec\/index.php?rest_route=%2Fwp%2Fv2%2Fmedia&parent=2922"}],"wp:term":[{"taxonomy":"product_brand","embeddable":true,"href":"https:\/\/farmavet.com.ec\/index.php?rest_route=%2Fwp%2Fv2%2Fproduct_brand&post=2922"},{"taxonomy":"product_cat","embeddable":true,"href":"https:\/\/farmavet.com.ec\/index.php?rest_route=%2Fwp%2Fv2%2Fproduct_cat&post=2922"},{"taxonomy":"product_tag","embeddable":true,"href":"https:\/\/farmavet.com.ec\/index.php?rest_route=%2Fwp%2Fv2%2Fproduct_tag&post=2922"}],"curies":[{"name":"wp","href":"https:\/\/api.w.org\/{rel}","templated":true}]}}