{"id":2941,"date":"2024-08-02T18:46:39","date_gmt":"2024-08-02T18:46:39","guid":{"rendered":"http:\/\/farmavet.com.ec\/?post_type=product&#038;p=2941"},"modified":"2024-08-02T18:46:39","modified_gmt":"2024-08-02T18:46:39","slug":"dispensador-de-bandejas-de-incubacion","status":"publish","type":"product","link":"https:\/\/farmavet.com.ec\/?product=dispensador-de-bandejas-de-incubacion","title":{"rendered":"Dispensador de bandejas de incubaci\u00f3n"},"content":{"rendered":"<p>Para desapilar y transportar autom\u00e1ticamente las bandejas de incubaci\u00f3n de una en una a la estaci\u00f3n de colocaci\u00f3n de los huevos.<\/p>\n<p>Ventajas<\/p>\n<p>El hecho de poder desapilar y transportar las bandejas de incubaci\u00f3n de una en una a la estaci\u00f3n de colocaci\u00f3n de los huevos acelera autom\u00e1ticamente el proceso de colocaci\u00f3n, al tiempo que reduce el esfuerzo f\u00edsico al que se han de someter los operarios de la planta.<\/p>\n<p>Utilizado en combinaci\u00f3n con el elevador de huevos mediante vac\u00edo, el dispensador de bandejas de incubaci\u00f3n facilita el traslado ergon\u00f3mico de los huevos para incubar de las bandejas de transporte a las de incubaci\u00f3n. Las pilas de bandejas de incubaci\u00f3n vac\u00edas se cargan f\u00e1cilmente en el dispensador y su dise\u00f1o compacto hace que se pueda colocar casi en cualquier lugar de la planta de incubaci\u00f3n. Fabricado en acero inoxidable s\u00f3lido y f\u00e1cil de limpiar.<\/p>\n<p>C\u00f3mo funciona<\/p>\n<p>Se carga manualmente una pila de bandejas de incubaci\u00f3n en el dispensador de bandejas<\/p>\n<p>Las bandejas de incubaci\u00f3n se desapilan una por una y pasan a manos del operario encargado de colocar los huevos con el elevador de huevos mediante vac\u00edo.<\/p>\n<p>La bandeja cargada llega al final de la cinta transportadora y el dispensador de bandejas se reinicia autom\u00e1ticamente para dispensar la siguiente bandeja de incubaci\u00f3n.<\/p>\n<p>Un segundo operario carga las bandejas de incubaci\u00f3n con los huevos en los carros de incubaci\u00f3n.<\/p>\n","protected":false},"excerpt":{"rendered":"<p>Para desapilar y transportar autom\u00e1ticamente las bandejas de incubaci\u00f3n de una en una a la estaci\u00f3n de colocaci\u00f3n de los huevos.<\/p>\n","protected":false},"featured_media":2942,"comment_status":"open","ping_status":"closed","template":"","meta":{"site-sidebar-layout":"default","site-content-layout":"","ast-site-content-layout":"default","site-content-style":"default","site-sidebar-style":"default","ast-global-header-display":"","ast-banner-title-visibility":"","ast-main-header-display":"","ast-hfb-above-header-display":"","ast-hfb-below-header-display":"","ast-hfb-mobile-header-display":"","site-post-title":"","ast-breadcrumbs-content":"","ast-featured-img":"","footer-sml-layout":"","ast-disable-related-posts":"","theme-transparent-header-meta":"default","adv-header-id-meta":"","stick-header-meta":"","header-above-stick-meta":"","header-main-stick-meta":"","header-below-stick-meta":"","astra-migrate-meta-layouts":"set","ast-page-background-enabled":"default","ast-page-background-meta":{"desktop":{"background-color":"var(--ast-global-color-4)","background-image":"","background-repeat":"repeat","background-position":"center center","background-size":"auto","background-attachment":"scroll","background-type":"","background-media":"","overlay-type":"","overlay-color":"","overlay-opacity":"","overlay-gradient":""},"tablet":{"background-color":"","background-image":"","background-repeat":"repeat","background-position":"center center","background-size":"auto","background-attachment":"scroll","background-type":"","background-media":"","overlay-type":"","overlay-color":"","overlay-opacity":"","overlay-gradient":""},"mobile":{"background-color":"","background-image":"","background-repeat":"repeat","background-position":"center center","background-size":"auto","background-attachment":"scroll","background-type":"","background-media":"","overlay-type":"","overlay-color":"","overlay-opacity":"","overlay-gradient":""}},"ast-content-background-meta":{"desktop":{"background-color":"var(--ast-global-color-5)","background-image":"","background-repeat":"repeat","background-position":"center center","background-size":"auto","background-attachment":"scroll","background-type":"","background-media":"","overlay-type":"","overlay-color":"","overlay-opacity":"","overlay-gradient":""},"tablet":{"background-color":"var(--ast-global-color-5)","background-image":"","background-repeat":"repeat","background-position":"center center","background-size":"auto","background-attachment":"scroll","background-type":"","background-media":"","overlay-type":"","overlay-color":"","overlay-opacity":"","overlay-gradient":""},"mobile":{"background-color":"var(--ast-global-color-5)","background-image":"","background-repeat":"repeat","background-position":"center center","background-size":"auto","background-attachment":"scroll","background-type":"","background-media":"","overlay-type":"","overlay-color":"","overlay-opacity":"","overlay-gradient":""}},"_themeisle_gutenberg_block_has_review":false},"product_brand":[],"product_cat":[57],"product_tag":[],"class_list":{"0":"post-2941","1":"product","2":"type-product","3":"status-publish","4":"has-post-thumbnail","6":"product_cat-automatizacion","7":"desktop-align-left","8":"tablet-align-left","9":"mobile-align-left","11":"first","12":"instock","13":"shipping-taxable","14":"product-type-simple"},"_links":{"self":[{"href":"https:\/\/farmavet.com.ec\/index.php?rest_route=\/wp\/v2\/product\/2941","targetHints":{"allow":["GET"]}}],"collection":[{"href":"https:\/\/farmavet.com.ec\/index.php?rest_route=\/wp\/v2\/product"}],"about":[{"href":"https:\/\/farmavet.com.ec\/index.php?rest_route=\/wp\/v2\/types\/product"}],"replies":[{"embeddable":true,"href":"https:\/\/farmavet.com.ec\/index.php?rest_route=%2Fwp%2Fv2%2Fcomments&post=2941"}],"wp:featuredmedia":[{"embeddable":true,"href":"https:\/\/farmavet.com.ec\/index.php?rest_route=\/wp\/v2\/media\/2942"}],"wp:attachment":[{"href":"https:\/\/farmavet.com.ec\/index.php?rest_route=%2Fwp%2Fv2%2Fmedia&parent=2941"}],"wp:term":[{"taxonomy":"product_brand","embeddable":true,"href":"https:\/\/farmavet.com.ec\/index.php?rest_route=%2Fwp%2Fv2%2Fproduct_brand&post=2941"},{"taxonomy":"product_cat","embeddable":true,"href":"https:\/\/farmavet.com.ec\/index.php?rest_route=%2Fwp%2Fv2%2Fproduct_cat&post=2941"},{"taxonomy":"product_tag","embeddable":true,"href":"https:\/\/farmavet.com.ec\/index.php?rest_route=%2Fwp%2Fv2%2Fproduct_tag&post=2941"}],"curies":[{"name":"wp","href":"https:\/\/api.w.org\/{rel}","templated":true}]}}