{"id":3007,"date":"2024-08-05T18:44:43","date_gmt":"2024-08-05T18:44:43","guid":{"rendered":"http:\/\/farmavet.com.ec\/?post_type=product&#038;p=3007"},"modified":"2024-08-05T18:44:43","modified_gmt":"2024-08-05T18:44:43","slug":"dosificador-de-alimentos","status":"publish","type":"product","link":"https:\/\/farmavet.com.ec\/?product=dosificador-de-alimentos","title":{"rendered":"Dosificador de alimentos"},"content":{"rendered":"<p>El dosificador UltraDrop de\u00a0<strong>AP\u00a0<\/strong>es la inteligencia aplicada para tu mayor productividad.<br \/>\nDise\u00f1ado para satisfacer las necesidades de alimentaci\u00f3n autom\u00e1tica de las hembras en etapas de\u00a0gestaci\u00f3n\u00a0y\u00a0lactancia.<\/p>\n<p>&nbsp;<\/p>\n<p>Con ajuste pr\u00e1ctico de regulaci\u00f3n de alimentaci\u00f3n y dise\u00f1o que asegura la sujeci\u00f3n y mantiene la precisi\u00f3n.<br \/>\nTambi\u00e9n est\u00e1 recomendado su uso en fase de finalizaci\u00f3n de engorde de cerdos.<\/p>\n<p>Reducci\u00f3n del estr\u00e9s de las cerdas.<\/p>\n<p>Larga vida \u00fatil.<\/p>\n<p>Cuerpo de la tolva trasl\u00facido, permite visualizar el nivel de raci\u00f3n.<\/p>\n<p>Manejo simple y pr\u00e1ctico del sistema.<\/p>\n<p>Menor desperdicio de alimentos y mano de obra.<\/p>\n","protected":false},"excerpt":{"rendered":"<p>El dosificador UltraDrop de\u00a0<strong>AP\u00a0<\/strong>es la inteligencia aplicada para tu mayor productividad.<br \/>\nDise\u00f1ado para satisfacer las necesidades de alimentaci\u00f3n autom\u00e1tica de las hembras en etapas de\u00a0gestaci\u00f3n\u00a0y\u00a0lactancia.<\/p>\n","protected":false},"featured_media":3008,"comment_status":"open","ping_status":"closed","template":"","meta":{"site-sidebar-layout":"default","site-content-layout":"","ast-site-content-layout":"default","site-content-style":"default","site-sidebar-style":"default","ast-global-header-display":"","ast-banner-title-visibility":"","ast-main-header-display":"","ast-hfb-above-header-display":"","ast-hfb-below-header-display":"","ast-hfb-mobile-header-display":"","site-post-title":"","ast-breadcrumbs-content":"","ast-featured-img":"","footer-sml-layout":"","ast-disable-related-posts":"","theme-transparent-header-meta":"default","adv-header-id-meta":"","stick-header-meta":"","header-above-stick-meta":"","header-main-stick-meta":"","header-below-stick-meta":"","astra-migrate-meta-layouts":"set","ast-page-background-enabled":"default","ast-page-background-meta":{"desktop":{"background-color":"var(--ast-global-color-4)","background-image":"","background-repeat":"repeat","background-position":"center center","background-size":"auto","background-attachment":"scroll","background-type":"","background-media":"","overlay-type":"","overlay-color":"","overlay-opacity":"","overlay-gradient":""},"tablet":{"background-color":"","background-image":"","background-repeat":"repeat","background-position":"center center","background-size":"auto","background-attachment":"scroll","background-type":"","background-media":"","overlay-type":"","overlay-color":"","overlay-opacity":"","overlay-gradient":""},"mobile":{"background-color":"","background-image":"","background-repeat":"repeat","background-position":"center center","background-size":"auto","background-attachment":"scroll","background-type":"","background-media":"","overlay-type":"","overlay-color":"","overlay-opacity":"","overlay-gradient":""}},"ast-content-background-meta":{"desktop":{"background-color":"var(--ast-global-color-5)","background-image":"","background-repeat":"repeat","background-position":"center center","background-size":"auto","background-attachment":"scroll","background-type":"","background-media":"","overlay-type":"","overlay-color":"","overlay-opacity":"","overlay-gradient":""},"tablet":{"background-color":"var(--ast-global-color-5)","background-image":"","background-repeat":"repeat","background-position":"center center","background-size":"auto","background-attachment":"scroll","background-type":"","background-media":"","overlay-type":"","overlay-color":"","overlay-opacity":"","overlay-gradient":""},"mobile":{"background-color":"var(--ast-global-color-5)","background-image":"","background-repeat":"repeat","background-position":"center center","background-size":"auto","background-attachment":"scroll","background-type":"","background-media":"","overlay-type":"","overlay-color":"","overlay-opacity":"","overlay-gradient":""}},"_themeisle_gutenberg_block_has_review":false},"product_brand":[],"product_cat":[57],"product_tag":[],"class_list":{"0":"post-3007","1":"product","2":"type-product","3":"status-publish","4":"has-post-thumbnail","6":"product_cat-automatizacion","7":"desktop-align-left","8":"tablet-align-left","9":"mobile-align-left","11":"first","12":"instock","13":"shipping-taxable","14":"product-type-simple"},"_links":{"self":[{"href":"https:\/\/farmavet.com.ec\/index.php?rest_route=\/wp\/v2\/product\/3007","targetHints":{"allow":["GET"]}}],"collection":[{"href":"https:\/\/farmavet.com.ec\/index.php?rest_route=\/wp\/v2\/product"}],"about":[{"href":"https:\/\/farmavet.com.ec\/index.php?rest_route=\/wp\/v2\/types\/product"}],"replies":[{"embeddable":true,"href":"https:\/\/farmavet.com.ec\/index.php?rest_route=%2Fwp%2Fv2%2Fcomments&post=3007"}],"wp:featuredmedia":[{"embeddable":true,"href":"https:\/\/farmavet.com.ec\/index.php?rest_route=\/wp\/v2\/media\/3008"}],"wp:attachment":[{"href":"https:\/\/farmavet.com.ec\/index.php?rest_route=%2Fwp%2Fv2%2Fmedia&parent=3007"}],"wp:term":[{"taxonomy":"product_brand","embeddable":true,"href":"https:\/\/farmavet.com.ec\/index.php?rest_route=%2Fwp%2Fv2%2Fproduct_brand&post=3007"},{"taxonomy":"product_cat","embeddable":true,"href":"https:\/\/farmavet.com.ec\/index.php?rest_route=%2Fwp%2Fv2%2Fproduct_cat&post=3007"},{"taxonomy":"product_tag","embeddable":true,"href":"https:\/\/farmavet.com.ec\/index.php?rest_route=%2Fwp%2Fv2%2Fproduct_tag&post=3007"}],"curies":[{"name":"wp","href":"https:\/\/api.w.org\/{rel}","templated":true}]}}